{"id":6539,"date":"2026-03-08T09:33:59","date_gmt":"2026-03-08T09:33:59","guid":{"rendered":"https:\/\/loftsquare.tn\/?post_type=product&#038;p=6539"},"modified":"2026-03-08T10:41:44","modified_gmt":"2026-03-08T10:41:44","slug":"fauteuil-eames-avec-ottoman","status":"publish","type":"product","link":"https:\/\/loftsquare.tn\/index.php\/product\/fauteuil-eames-avec-ottoman\/","title":{"rendered":"FAUTEUIL EAMES AVEC OTTOMAN"},"content":{"rendered":"<p><strong data-start=\"258\" data-end=\"326\">CHARLES ET RAY EAMES : UN FAUTEUIL IND\u00c9MODABLE AU CONFORT ABSOLU\u00a0<\/strong><\/p>\n<p data-start=\"330\" data-end=\"814\">Con\u00e7u en 1957 selon le mod\u00e8le des classiques fauteuils club anglais, ce fauteuil embl\u00e9matique remporta le c\u00e9l\u00e8bre <strong data-start=\"444\" data-end=\"477\">prix de la Triennale de Milan<\/strong>. Sa structure en contreplaqu\u00e9 moul\u00e9, associ\u00e9e \u00e0 un rembourrage de haute qualit\u00e9 et \u00e0 un rev\u00eatement en cuir raffin\u00e9, offre un confort incomparable. Le pi\u00e9tement pivotant ajoute fonctionnalit\u00e9 et modernit\u00e9, tandis que la forme du fauteuil rappelle, selon Charles Eames, \u00ab l\u2019aspect chaud et ouvert d\u2019un gant us\u00e9 de gardien de baseball \u00bb.<\/p>\n<p data-start=\"816\" data-end=\"1000\">Disponible en version classique cuir ou dans de nouvelles combinaisons de coloris, ce si\u00e8ge procure une exp\u00e9rience de d\u00e9tente unique et sublime tout int\u00e9rieur avec \u00e9l\u00e9gance et style.<\/p>\n","protected":false},"excerpt":{"rendered":"<p data-start=\"330\" data-end=\"814\">Con\u00e7u en 1957 selon le mod\u00e8le des classiques fauteuils club anglais, ce fauteuil embl\u00e9matique remporta le c\u00e9l\u00e8bre <strong data-start=\"444\" data-end=\"477\">prix de la Triennale de Milan<\/strong>. Sa structure en contreplaqu\u00e9 moul\u00e9, associ\u00e9e \u00e0 un rembourrage de haute qualit\u00e9 et \u00e0 un rev\u00eatement en cuir raffin\u00e9, offre un confort incomparable. Le pi\u00e9tement pivotant ajoute fonctionnalit\u00e9 et modernit\u00e9, tandis que la forme du fauteuil rappelle, selon Charles Eames, \u00ab l\u2019aspect chaud et ouvert d\u2019un gant us\u00e9 de gardien de baseball \u00bb.<\/p>\n<p data-start=\"816\" data-end=\"1000\">Disponible en version classique cuir ou dans de nouvelles combinaisons de coloris, ce si\u00e8ge procure une exp\u00e9rience de d\u00e9tente unique et sublime tout int\u00e9rieur avec \u00e9l\u00e9gance et style.<\/p>\n","protected":false},"featured_media":6579,"comment_status":"open","ping_status":"closed","template":"","meta":[],"product_brand":[],"product_cat":[75],"product_tag":[],"class_list":{"0":"post-6539","1":"product","2":"type-product","3":"status-publish","4":"has-post-thumbnail","6":"product_cat-fauteuils-tunisie","8":"first","9":"instock","10":"shipping-taxable","11":"product-type-simple"},"_links":{"self":[{"href":"https:\/\/loftsquare.tn\/index.php\/wp-json\/wp\/v2\/product\/6539","targetHints":{"allow":["GET"]}}],"collection":[{"href":"https:\/\/loftsquare.tn\/index.php\/wp-json\/wp\/v2\/product"}],"about":[{"href":"https:\/\/loftsquare.tn\/index.php\/wp-json\/wp\/v2\/types\/product"}],"replies":[{"embeddable":true,"href":"https:\/\/loftsquare.tn\/index.php\/wp-json\/wp\/v2\/comments?post=6539"}],"wp:featuredmedia":[{"embeddable":true,"href":"https:\/\/loftsquare.tn\/index.php\/wp-json\/wp\/v2\/media\/6579"}],"wp:attachment":[{"href":"https:\/\/loftsquare.tn\/index.php\/wp-json\/wp\/v2\/media?parent=6539"}],"wp:term":[{"taxonomy":"product_brand","embeddable":true,"href":"https:\/\/loftsquare.tn\/index.php\/wp-json\/wp\/v2\/product_brand?post=6539"},{"taxonomy":"product_cat","embeddable":true,"href":"https:\/\/loftsquare.tn\/index.php\/wp-json\/wp\/v2\/product_cat?post=6539"},{"taxonomy":"product_tag","embeddable":true,"href":"https:\/\/loftsquare.tn\/index.php\/wp-json\/wp\/v2\/product_tag?post=6539"}],"curies":[{"name":"wp","href":"https:\/\/api.w.org\/{rel}","templated":true}]}}