{"id":6552,"date":"2026-03-08T10:09:25","date_gmt":"2026-03-08T10:09:25","guid":{"rendered":"https:\/\/loftsquare.tn\/?post_type=product&#038;p=6552"},"modified":"2026-03-08T10:12:10","modified_gmt":"2026-03-08T10:12:10","slug":"fauteuil-lacoon","status":"publish","type":"product","link":"https:\/\/loftsquare.tn\/index.php\/product\/fauteuil-lacoon\/","title":{"rendered":"FAUTEUIL LACOON"},"content":{"rendered":"<p><strong>FAUTEUIL LACOON<\/strong><br \/>\nLE FAUTEUIL LACOON PR\u00c9VOIT, EN OPTION, TROIS MOUVEMENTS DE ROTATION \u00c0 360\u00b0 : PI\u00c8TEMENT DU FAUTEUIL,<br \/>\nTABLETTE D\u2019APPOINT ET SUPPORT \u00c0 BRAS DE LA TABLETTE<br \/>\nD\u2019APPOINT.<br \/>\nNON SEULEMENT UN MAXI-FAUTEUIL TOURNANT MAIS UN<br \/>\nNID ACCUEILLANT O\u00d9 S\u2019ABANDONNER ENTRE COUSSINS<br \/>\nDOUX ET ENVELOPPANTS.<br \/>\nSTRUCTURE: EN M\u00c9TAL NOY\u00c9 DANS DE LA MOUSSE POLYURETHANE INJECT\u00c9E \u00c0 FROID, REV\u00caTUE AVEC UN TISSUE DE<br \/>\nPROTECTION DOUBLE.<br \/>\nPI\u00c8TEMENT: FXE OU PIVOTANT EN M\u00c9TAL LAQU\u00c9.<br \/>\nTABLE BASSE PIVOTANTE OPTIONNELLE: STRUCTURE EN M\u00c9TAL CHROM\u00c9, PLATEAU EN BOIS LAQU\u00c9.<\/p>\n","protected":false},"excerpt":{"rendered":"<p>FAUTEUIL LACOON<br \/>\nLE FAUTEUIL LACOON PR\u00c9VOIT, EN OPTION, TROIS MOUVEMENTS DE ROTATION \u00c0 360\u00b0 : PI\u00c8TEMENT DU FAUTEUIL,<br \/>\nTABLETTE D\u2019APPOINT ET SUPPORT \u00c0 BRAS DE LA TABLETTE<br \/>\nD\u2019APPOINT.<br \/>\nNON SEULEMENT UN MAXI-FAUTEUIL TOURNANT MAIS UN<br \/>\nNID ACCUEILLANT O\u00d9 S\u2019ABANDONNER ENTRE COUSSINS<br \/>\nDOUX ET ENVELOPPANTS.<br \/>\nSTRUCTURE: EN M\u00c9TAL NOY\u00c9 DANS DE LA MOUSSE POLYURETHANE INJECT\u00c9E \u00c0 FROID, REV\u00caTUE AVEC UN TISSUE DE<br \/>\nPROTECTION DOUBLE.<br \/>\nPI\u00c8TEMENT: FXE OU PIVOTANT EN M\u00c9TAL LAQU\u00c9.<br \/>\nTABLE BASSE PIVOTANTE OPTIONNELLE: STRUCTURE EN M\u00c9TAL CHROM\u00c9, PLATEAU EN BOIS LAQU\u00c9.<\/p>\n","protected":false},"featured_media":6559,"comment_status":"open","ping_status":"closed","template":"","meta":[],"product_brand":[],"product_cat":[75],"product_tag":[],"class_list":{"0":"post-6552","1":"product","2":"type-product","3":"status-publish","4":"has-post-thumbnail","6":"product_cat-fauteuils-tunisie","8":"first","9":"instock","10":"shipping-taxable","11":"product-type-simple"},"_links":{"self":[{"href":"https:\/\/loftsquare.tn\/index.php\/wp-json\/wp\/v2\/product\/6552","targetHints":{"allow":["GET"]}}],"collection":[{"href":"https:\/\/loftsquare.tn\/index.php\/wp-json\/wp\/v2\/product"}],"about":[{"href":"https:\/\/loftsquare.tn\/index.php\/wp-json\/wp\/v2\/types\/product"}],"replies":[{"embeddable":true,"href":"https:\/\/loftsquare.tn\/index.php\/wp-json\/wp\/v2\/comments?post=6552"}],"wp:featuredmedia":[{"embeddable":true,"href":"https:\/\/loftsquare.tn\/index.php\/wp-json\/wp\/v2\/media\/6559"}],"wp:attachment":[{"href":"https:\/\/loftsquare.tn\/index.php\/wp-json\/wp\/v2\/media?parent=6552"}],"wp:term":[{"taxonomy":"product_brand","embeddable":true,"href":"https:\/\/loftsquare.tn\/index.php\/wp-json\/wp\/v2\/product_brand?post=6552"},{"taxonomy":"product_cat","embeddable":true,"href":"https:\/\/loftsquare.tn\/index.php\/wp-json\/wp\/v2\/product_cat?post=6552"},{"taxonomy":"product_tag","embeddable":true,"href":"https:\/\/loftsquare.tn\/index.php\/wp-json\/wp\/v2\/product_tag?post=6552"}],"curies":[{"name":"wp","href":"https:\/\/api.w.org\/{rel}","templated":true}]}}