{"id":6562,"date":"2026-03-08T10:25:39","date_gmt":"2026-03-08T10:25:39","guid":{"rendered":"https:\/\/loftsquare.tn\/?post_type=product&#038;p=6562"},"modified":"2026-03-08T11:29:22","modified_gmt":"2026-03-08T11:29:22","slug":"fauteuil-shell-ch07","status":"publish","type":"product","link":"https:\/\/loftsquare.tn\/index.php\/product\/fauteuil-shell-ch07\/","title":{"rendered":"FAUTEUIL SHELL CH07"},"content":{"rendered":"<p><strong>LE FAUTEUIL SHELL<\/strong><\/p>\n<p>CH07 PEUT \u00caTRE CONSID\u00c9R\u00c9 COMME UN MANIFESTE DE L\u2019ART D\u2019HANS J. WEGNER, POUR QUI UN FAUTEUIL SE DEVAIT NON SEULEMENT D\u2019\u00caTRE CONFORTABLE, MAIS \u00c9GALEMENT BEAU SOUS TOUS LES ANGLES.<br \/>\nR\u00c9ALIS\u00c9 \u00c0 PARTIR DE PLACAGE REMBOURR\u00c9 PR\u00c9SS\u00c9, LE FAUTEUIL CHAIR EN BOIS MASSIF ET SON<br \/>\nASSISE EN FORME D\u2019AILE FASCINE PAR SA FONCTIONNALIT\u00c9 ET SA PLASTIQUE PARFAITE SOUS<br \/>\nTOUS LES ANGLES. SILHOUETTE ATYPIQUE, ASSISE PRATIQUE, LA CH07 CHAIR EST UN MOD\u00c8LE<br \/>\nD\u2019EXCELLENCE, LA QUINTESSENCE D\u2019UN SAVOIR-FAIRE ARTISANAL AU SERVICE DE LA MATI\u00c8RE.<br \/>\nD\u00c9CLIN\u00c9 AVEC DIFF\u00c9RENTES OPTIONS QUI PERMETTENT UNE GRANDE VARI\u00c9T\u00c9 D\u2019ASSOCIATIONS D\u00c9CORATIVES.<\/p>\n","protected":false},"excerpt":{"rendered":"<p><strong>LE FAUTEUIL SHELL<\/strong><\/p>\n<p>CH07 PEUT \u00caTRE CONSID\u00c9R\u00c9 COMME UN MANIFESTE DE L\u2019ART D\u2019HANS J. WEGNER, POUR QUI UN FAUTEUIL SE DEVAIT NON SEULEMENT D\u2019\u00caTRE CONFORTABLE, MAIS \u00c9GALEMENT BEAU SOUS TOUS LES ANGLES.<br \/>\nR\u00c9ALIS\u00c9 \u00c0 PARTIR DE PLACAGE REMBOURR\u00c9 PR\u00c9SS\u00c9, LE FAUTEUIL CHAIR EN BOIS MASSIF ET SON<br \/>\nASSISE EN FORME D\u2019AILE FASCINE PAR SA FONCTIONNALIT\u00c9 ET SA PLASTIQUE PARFAITE SOUS<br \/>\nTOUS LES ANGLES. SILHOUETTE ATYPIQUE, ASSISE PRATIQUE, LA CH07 CHAIR EST UN MOD\u00c8LE<br \/>\nD\u2019EXCELLENCE, LA QUINTESSENCE D\u2019UN SAVOIR-FAIRE ARTISANAL AU SERVICE DE LA MATI\u00c8RE.<br \/>\nD\u00c9CLIN\u00c9 AVEC DIFF\u00c9RENTES OPTIONS QUI PERMETTENT UNE GRANDE VARI\u00c9T\u00c9 D\u2019ASSOCIATIONS D\u00c9CORATIVES.<\/p>\n","protected":false},"featured_media":6563,"comment_status":"open","ping_status":"closed","template":"","meta":[],"product_brand":[],"product_cat":[75],"product_tag":[],"class_list":{"0":"post-6562","1":"product","2":"type-product","3":"status-publish","4":"has-post-thumbnail","6":"product_cat-fauteuils-tunisie","8":"first","9":"instock","10":"shipping-taxable","11":"product-type-simple"},"_links":{"self":[{"href":"https:\/\/loftsquare.tn\/index.php\/wp-json\/wp\/v2\/product\/6562","targetHints":{"allow":["GET"]}}],"collection":[{"href":"https:\/\/loftsquare.tn\/index.php\/wp-json\/wp\/v2\/product"}],"about":[{"href":"https:\/\/loftsquare.tn\/index.php\/wp-json\/wp\/v2\/types\/product"}],"replies":[{"embeddable":true,"href":"https:\/\/loftsquare.tn\/index.php\/wp-json\/wp\/v2\/comments?post=6562"}],"wp:featuredmedia":[{"embeddable":true,"href":"https:\/\/loftsquare.tn\/index.php\/wp-json\/wp\/v2\/media\/6563"}],"wp:attachment":[{"href":"https:\/\/loftsquare.tn\/index.php\/wp-json\/wp\/v2\/media?parent=6562"}],"wp:term":[{"taxonomy":"product_brand","embeddable":true,"href":"https:\/\/loftsquare.tn\/index.php\/wp-json\/wp\/v2\/product_brand?post=6562"},{"taxonomy":"product_cat","embeddable":true,"href":"https:\/\/loftsquare.tn\/index.php\/wp-json\/wp\/v2\/product_cat?post=6562"},{"taxonomy":"product_tag","embeddable":true,"href":"https:\/\/loftsquare.tn\/index.php\/wp-json\/wp\/v2\/product_tag?post=6562"}],"curies":[{"name":"wp","href":"https:\/\/api.w.org\/{rel}","templated":true}]}}