{"id":6571,"date":"2026-03-08T10:37:19","date_gmt":"2026-03-08T10:37:19","guid":{"rendered":"https:\/\/loftsquare.tn\/?post_type=product&#038;p=6571"},"modified":"2026-03-08T10:40:22","modified_gmt":"2026-03-08T10:40:22","slug":"salle-a-manger-gaya-gold","status":"publish","type":"product","link":"https:\/\/loftsquare.tn\/index.php\/product\/salle-a-manger-gaya-gold\/","title":{"rendered":"SALLE \u00c0 MANGER GAYA GOLD"},"content":{"rendered":"<p><strong>SALLE \u00c0 MANGER<\/strong><br \/>\n<strong>GAYA GOLD<\/strong> VOICI LA TABLE \u00c0 MANGER GAYA GOLD : UNE TABLE EN MARBRE QUI ENRICHIRA VOS SOIR\u00c9ES GASTRONOMIQUES ET COMPL\u00c9TERA L\u2019ASPECT DE TOUT ESPACE<br \/>\nCONTEMPORAIN.<br \/>\nELLE EST DOT\u00c9E D\u2019UNE IMPRESSIONNANTE BASE EN M\u00c9TAL QUI LUI CONF\u00c8RE UNE<br \/>\nTOUCHE MODERNE PARFAITE. CETTE TABLE DE SALLE \u00c0 MANGER \u00c9L\u00c9GANTE MESURE 75 CM DE HAUT POUR UNE LARGEUR DE 180 CM, CE QUI VOUS LAISSE SUFFISAMMENT DE PLACE POUR ORGANISER DES D\u00ceNERS INOUBLIABLES AVEC VOS<br \/>\nAMIS ET VOTRE FAMILLE.<\/p>\n","protected":false},"excerpt":{"rendered":"<p><strong>SALLE \u00c0 MANGER<\/strong><br \/>\n<strong>GAYA GOLD<\/strong> VOICI LA TABLE \u00c0 MANGER GAYA GOLD : UNE TABLE EN MARBRE QUI ENRICHIRA VOS SOIR\u00c9ES GASTRONOMIQUES ET COMPL\u00c9TERA L\u2019ASPECT DE TOUT ESPACE<br \/>\nCONTEMPORAIN.<br \/>\nELLE EST DOT\u00c9E D\u2019UNE IMPRESSIONNANTE BASE EN M\u00c9TAL QUI LUI CONF\u00c8RE UNE<br \/>\nTOUCHE MODERNE PARFAITE. CETTE TABLE DE SALLE \u00c0 MANGER \u00c9L\u00c9GANTE MESURE 75 CM DE HAUT POUR UNE LARGEUR DE 180 CM, CE QUI VOUS LAISSE SUFFISAMMENT DE PLACE POUR ORGANISER DES D\u00ceNERS INOUBLIABLES AVEC VOS<br \/>\nAMIS ET VOTRE FAMILLE.<\/p>\n","protected":false},"featured_media":6578,"comment_status":"open","ping_status":"closed","template":"","meta":[],"product_brand":[],"product_cat":[76],"product_tag":[],"class_list":{"0":"post-6571","1":"product","2":"type-product","3":"status-publish","4":"has-post-thumbnail","6":"product_cat-salle-a-manger-tunisie","8":"first","9":"instock","10":"shipping-taxable","11":"product-type-simple"},"_links":{"self":[{"href":"https:\/\/loftsquare.tn\/index.php\/wp-json\/wp\/v2\/product\/6571","targetHints":{"allow":["GET"]}}],"collection":[{"href":"https:\/\/loftsquare.tn\/index.php\/wp-json\/wp\/v2\/product"}],"about":[{"href":"https:\/\/loftsquare.tn\/index.php\/wp-json\/wp\/v2\/types\/product"}],"replies":[{"embeddable":true,"href":"https:\/\/loftsquare.tn\/index.php\/wp-json\/wp\/v2\/comments?post=6571"}],"wp:featuredmedia":[{"embeddable":true,"href":"https:\/\/loftsquare.tn\/index.php\/wp-json\/wp\/v2\/media\/6578"}],"wp:attachment":[{"href":"https:\/\/loftsquare.tn\/index.php\/wp-json\/wp\/v2\/media?parent=6571"}],"wp:term":[{"taxonomy":"product_brand","embeddable":true,"href":"https:\/\/loftsquare.tn\/index.php\/wp-json\/wp\/v2\/product_brand?post=6571"},{"taxonomy":"product_cat","embeddable":true,"href":"https:\/\/loftsquare.tn\/index.php\/wp-json\/wp\/v2\/product_cat?post=6571"},{"taxonomy":"product_tag","embeddable":true,"href":"https:\/\/loftsquare.tn\/index.php\/wp-json\/wp\/v2\/product_tag?post=6571"}],"curies":[{"name":"wp","href":"https:\/\/api.w.org\/{rel}","templated":true}]}}