{"id":6596,"date":"2026-03-08T11:57:40","date_gmt":"2026-03-08T11:57:40","guid":{"rendered":"https:\/\/loftsquare.tn\/?post_type=product&#038;p=6596"},"modified":"2026-03-08T11:57:41","modified_gmt":"2026-03-08T11:57:41","slug":"salon-alegro","status":"publish","type":"product","link":"https:\/\/loftsquare.tn\/index.php\/product\/salon-alegro\/","title":{"rendered":"SALON ALEGRO"},"content":{"rendered":"<p><strong>SALON ALEGRO<\/strong><\/p>\n<p>TR\u00c8S JOLI CANAP\u00c9 AVEC OTTOMAN EN CUIR ITALIEN DE GRAND LUXE, CUIR DE VACHETTE.<br \/>\nEL\u00c9GANT, DESIGN CONTEMPORAIN, IL VOUS APPORTERA UN TR\u00c8S BON CONFORT.<br \/>\nPI\u00c8TEMENT EN M\u00c9TAL CHROM\u00c9 DE QUALIT\u00c9 QUI EST TR\u00c8S TENDANCE. CONFORT ET STYLE<br \/>\nPOUR CE TR\u00c8S BEAU CANAP\u00c9. TR\u00c8S BELLE QUALIT\u00c9 DE FABRICATION ET DE FINITION.<br \/>\nSTRUCTURE EN DE BOIS MASSIF.<\/p>\n","protected":false},"excerpt":{"rendered":"<p><strong>SALON ALEGRO<\/strong><\/p>\n<p>TR\u00c8S JOLI CANAP\u00c9 AVEC OTTOMAN EN CUIR ITALIEN DE GRAND LUXE, CUIR DE VACHETTE.<br \/>\nEL\u00c9GANT, DESIGN CONTEMPORAIN, IL VOUS APPORTERA UN TR\u00c8S BON CONFORT.<br \/>\nPI\u00c8TEMENT EN M\u00c9TAL CHROM\u00c9 DE QUALIT\u00c9 QUI EST TR\u00c8S TENDANCE. CONFORT ET STYLE<br \/>\nPOUR CE TR\u00c8S BEAU CANAP\u00c9. TR\u00c8S BELLE QUALIT\u00c9 DE FABRICATION ET DE FINITION.<br \/>\nSTRUCTURE EN DE BOIS MASSIF.<\/p>\n","protected":false},"featured_media":6597,"comment_status":"open","ping_status":"closed","template":"","meta":[],"product_brand":[],"product_cat":[77],"product_tag":[],"class_list":{"0":"post-6596","1":"product","2":"type-product","3":"status-publish","4":"has-post-thumbnail","6":"product_cat-salon-cuir-italien-tunisie","8":"first","9":"instock","10":"shipping-taxable","11":"product-type-simple"},"_links":{"self":[{"href":"https:\/\/loftsquare.tn\/index.php\/wp-json\/wp\/v2\/product\/6596","targetHints":{"allow":["GET"]}}],"collection":[{"href":"https:\/\/loftsquare.tn\/index.php\/wp-json\/wp\/v2\/product"}],"about":[{"href":"https:\/\/loftsquare.tn\/index.php\/wp-json\/wp\/v2\/types\/product"}],"replies":[{"embeddable":true,"href":"https:\/\/loftsquare.tn\/index.php\/wp-json\/wp\/v2\/comments?post=6596"}],"wp:featuredmedia":[{"embeddable":true,"href":"https:\/\/loftsquare.tn\/index.php\/wp-json\/wp\/v2\/media\/6597"}],"wp:attachment":[{"href":"https:\/\/loftsquare.tn\/index.php\/wp-json\/wp\/v2\/media?parent=6596"}],"wp:term":[{"taxonomy":"product_brand","embeddable":true,"href":"https:\/\/loftsquare.tn\/index.php\/wp-json\/wp\/v2\/product_brand?post=6596"},{"taxonomy":"product_cat","embeddable":true,"href":"https:\/\/loftsquare.tn\/index.php\/wp-json\/wp\/v2\/product_cat?post=6596"},{"taxonomy":"product_tag","embeddable":true,"href":"https:\/\/loftsquare.tn\/index.php\/wp-json\/wp\/v2\/product_tag?post=6596"}],"curies":[{"name":"wp","href":"https:\/\/api.w.org\/{rel}","templated":true}]}}