{"id":6604,"date":"2026-03-08T12:06:07","date_gmt":"2026-03-08T12:06:07","guid":{"rendered":"https:\/\/loftsquare.tn\/?post_type=product&#038;p=6604"},"modified":"2026-03-08T12:06:07","modified_gmt":"2026-03-08T12:06:07","slug":"salon-alice","status":"publish","type":"product","link":"https:\/\/loftsquare.tn\/index.php\/product\/salon-alice\/","title":{"rendered":"SALON ALICE"},"content":{"rendered":"<p><strong>SALON ALICE<\/strong><\/p>\n<p>AVEC SON DESIGN ACTUEL ET \u00c9L\u00c9GANT, LE SALON ALICE DONNERA UNE TOUCHE CLASSE \u00c0 VOTRE SALON OU \u00c0 VOTRE PI\u00c8CE<br \/>\n\u00c0 VIVRE. ALICE OCCUPERA UNE PLACE CENTRALE DANS VOTRE<br \/>\nSALON TOUT EN DONNANT UNE AMBIANCE CLASSIQUE GR\u00c2CE<br \/>\n\u00c0 SON REV\u00caTEMENT EN CUIR DE VACHETTE ITALIEN.<br \/>\nASSISES ET APPUIS-T\u00caTES R\u00c9GLABLES GARNIES DE MOUSSE<br \/>\nPOLY\u00c9THER DE HAUTE DENSIT\u00c9.<br \/>\nPIEDS EN ACIER INOXYDABLE THERMOLAQU\u00c9.<br \/>\nSTRUCTURE EN DE BOIS MASSIF.<\/p>\n","protected":false},"excerpt":{"rendered":"<p><strong>SALON ALICE<\/strong><\/p>\n<p>AVEC SON DESIGN ACTUEL ET \u00c9L\u00c9GANT, LE SALON ALICE DONNERA UNE TOUCHE CLASSE \u00c0 VOTRE SALON OU \u00c0 VOTRE PI\u00c8CE<br \/>\n\u00c0 VIVRE. ALICE OCCUPERA UNE PLACE CENTRALE DANS VOTRE<br \/>\nSALON TOUT EN DONNANT UNE AMBIANCE CLASSIQUE GR\u00c2CE<br \/>\n\u00c0 SON REV\u00caTEMENT EN CUIR DE VACHETTE ITALIEN.<br \/>\nASSISES ET APPUIS-T\u00caTES R\u00c9GLABLES GARNIES DE MOUSSE<br \/>\nPOLY\u00c9THER DE HAUTE DENSIT\u00c9.<br \/>\nPIEDS EN ACIER INOXYDABLE THERMOLAQU\u00c9.<br \/>\nSTRUCTURE EN DE BOIS MASSIF.<\/p>\n","protected":false},"featured_media":6606,"comment_status":"open","ping_status":"closed","template":"","meta":[],"product_brand":[],"product_cat":[77],"product_tag":[],"class_list":{"0":"post-6604","1":"product","2":"type-product","3":"status-publish","4":"has-post-thumbnail","6":"product_cat-salon-cuir-italien-tunisie","8":"first","9":"instock","10":"shipping-taxable","11":"product-type-simple"},"_links":{"self":[{"href":"https:\/\/loftsquare.tn\/index.php\/wp-json\/wp\/v2\/product\/6604","targetHints":{"allow":["GET"]}}],"collection":[{"href":"https:\/\/loftsquare.tn\/index.php\/wp-json\/wp\/v2\/product"}],"about":[{"href":"https:\/\/loftsquare.tn\/index.php\/wp-json\/wp\/v2\/types\/product"}],"replies":[{"embeddable":true,"href":"https:\/\/loftsquare.tn\/index.php\/wp-json\/wp\/v2\/comments?post=6604"}],"wp:featuredmedia":[{"embeddable":true,"href":"https:\/\/loftsquare.tn\/index.php\/wp-json\/wp\/v2\/media\/6606"}],"wp:attachment":[{"href":"https:\/\/loftsquare.tn\/index.php\/wp-json\/wp\/v2\/media?parent=6604"}],"wp:term":[{"taxonomy":"product_brand","embeddable":true,"href":"https:\/\/loftsquare.tn\/index.php\/wp-json\/wp\/v2\/product_brand?post=6604"},{"taxonomy":"product_cat","embeddable":true,"href":"https:\/\/loftsquare.tn\/index.php\/wp-json\/wp\/v2\/product_cat?post=6604"},{"taxonomy":"product_tag","embeddable":true,"href":"https:\/\/loftsquare.tn\/index.php\/wp-json\/wp\/v2\/product_tag?post=6604"}],"curies":[{"name":"wp","href":"https:\/\/api.w.org\/{rel}","templated":true}]}}