{"id":6610,"date":"2026-03-08T13:43:40","date_gmt":"2026-03-08T13:43:40","guid":{"rendered":"https:\/\/loftsquare.tn\/?post_type=product&#038;p=6610"},"modified":"2026-03-08T13:43:40","modified_gmt":"2026-03-08T13:43:40","slug":"salon-kiko","status":"publish","type":"product","link":"https:\/\/loftsquare.tn\/index.php\/product\/salon-kiko\/","title":{"rendered":"SALON KIKO"},"content":{"rendered":"<p><strong>SALON KIKO<\/strong><br \/>\nVOICI UN TR\u00c8S BEL ENSEMBLE KIKO EN CUIR LUXE ITALIEN VACHETTE.<br \/>\nMOD\u00c8LE QUI RENCONTRE UN GRAND SUCC\u00c8S. INTEMPOREL. EXCELLENT<br \/>\nCONFORT. BELLE QUALIT\u00c9 DE FABRICATION ET DE FINITION.PI\u00c8TEMENT<br \/>\nEN M\u00c9TAL CHROM\u00c9 DE QUALIT\u00c9 QUI EST TR\u00c8S TENDANCE.<br \/>\nSTRUCTURE EN DE BOIS MASSIF.<br \/>\nDIMENSIONS FAUTEUIL 01 PLACES : L111 X P108 X H99 CM<br \/>\nDIMENSIONS FAUTEUIL 02 PLACES : L172 X P108 X H99 CM<br \/>\nDIMENSIONS FAUTEUIL 03 PLACES : L212 X P108 X H99 CM<\/p>\n","protected":false},"excerpt":{"rendered":"<p><strong>SALON KIKO<\/strong><br \/>\nVOICI UN TR\u00c8S BEL ENSEMBLE KIKO EN CUIR LUXE ITALIEN VACHETTE.<br \/>\nMOD\u00c8LE QUI RENCONTRE UN GRAND SUCC\u00c8S. INTEMPOREL. EXCELLENT<br \/>\nCONFORT. BELLE QUALIT\u00c9 DE FABRICATION ET DE FINITION.PI\u00c8TEMENT<br \/>\nEN M\u00c9TAL CHROM\u00c9 DE QUALIT\u00c9 QUI EST TR\u00c8S TENDANCE.<br \/>\nSTRUCTURE EN DE BOIS MASSIF.<br \/>\nDIMENSIONS FAUTEUIL 01 PLACES : L111 X P108 X H99 CM<br \/>\nDIMENSIONS FAUTEUIL 02 PLACES : L172 X P108 X H99 CM<br \/>\nDIMENSIONS FAUTEUIL 03 PLACES : L212 X P108 X H99 CM<\/p>\n","protected":false},"featured_media":6616,"comment_status":"open","ping_status":"closed","template":"","meta":[],"product_brand":[],"product_cat":[77],"product_tag":[],"class_list":{"0":"post-6610","1":"product","2":"type-product","3":"status-publish","4":"has-post-thumbnail","6":"product_cat-salon-cuir-italien-tunisie","8":"first","9":"instock","10":"shipping-taxable","11":"product-type-simple"},"_links":{"self":[{"href":"https:\/\/loftsquare.tn\/index.php\/wp-json\/wp\/v2\/product\/6610","targetHints":{"allow":["GET"]}}],"collection":[{"href":"https:\/\/loftsquare.tn\/index.php\/wp-json\/wp\/v2\/product"}],"about":[{"href":"https:\/\/loftsquare.tn\/index.php\/wp-json\/wp\/v2\/types\/product"}],"replies":[{"embeddable":true,"href":"https:\/\/loftsquare.tn\/index.php\/wp-json\/wp\/v2\/comments?post=6610"}],"wp:featuredmedia":[{"embeddable":true,"href":"https:\/\/loftsquare.tn\/index.php\/wp-json\/wp\/v2\/media\/6616"}],"wp:attachment":[{"href":"https:\/\/loftsquare.tn\/index.php\/wp-json\/wp\/v2\/media?parent=6610"}],"wp:term":[{"taxonomy":"product_brand","embeddable":true,"href":"https:\/\/loftsquare.tn\/index.php\/wp-json\/wp\/v2\/product_brand?post=6610"},{"taxonomy":"product_cat","embeddable":true,"href":"https:\/\/loftsquare.tn\/index.php\/wp-json\/wp\/v2\/product_cat?post=6610"},{"taxonomy":"product_tag","embeddable":true,"href":"https:\/\/loftsquare.tn\/index.php\/wp-json\/wp\/v2\/product_tag?post=6610"}],"curies":[{"name":"wp","href":"https:\/\/api.w.org\/{rel}","templated":true}]}}