{"id":6617,"date":"2026-03-08T14:05:01","date_gmt":"2026-03-08T14:05:01","guid":{"rendered":"https:\/\/loftsquare.tn\/?post_type=product&#038;p=6617"},"modified":"2026-03-08T14:05:01","modified_gmt":"2026-03-08T14:05:01","slug":"salon-kyleigh","status":"publish","type":"product","link":"https:\/\/loftsquare.tn\/index.php\/product\/salon-kyleigh\/","title":{"rendered":"SALON KYLEIGH"},"content":{"rendered":"<p><strong>SALON KYLEIGH<\/strong><br \/>\nCE TR\u00c8S JOLI CANAP\u00c9 EST EN CUIR ITALIEN DE GRAND LUXE, CUIR DE<br \/>\nVACHETTE. DE TENDANCE R\u00c9SOLUMENT CONTEMPORAINE ET DESIGN,<br \/>\nIL VOUS APPORTERA UN EXCELLENT CONFORT.<br \/>\nAVEC SES JOLIES T\u00c9TI\u00c8RES R\u00c9GLABLES. TR\u00c8S BELLE QUALIT\u00c9 DE FABRICATION.<br \/>\nPI\u00c8TEMENT EN M\u00c9TAL CHROM\u00c9 DE QUALIT\u00c9 QUI EST TR\u00c8S TENDANCE.<br \/>\nSTRUCTURE EN DE BOIS MASSIF.<br \/>\nDIMENSIONS TOTALES : L259 X P170 X H97 CM<\/p>\n","protected":false},"excerpt":{"rendered":"<p><strong>SALON KYLEIGH<\/strong><br \/>\nCE TR\u00c8S JOLI CANAP\u00c9 EST EN CUIR ITALIEN DE GRAND LUXE, CUIR DE<br \/>\nVACHETTE. DE TENDANCE R\u00c9SOLUMENT CONTEMPORAINE ET DESIGN,<br \/>\nIL VOUS APPORTERA UN EXCELLENT CONFORT.<br \/>\nAVEC SES JOLIES T\u00c9TI\u00c8RES R\u00c9GLABLES. TR\u00c8S BELLE QUALIT\u00c9 DE FABRICATION.<br \/>\nPI\u00c8TEMENT EN M\u00c9TAL CHROM\u00c9 DE QUALIT\u00c9 QUI EST TR\u00c8S TENDANCE.<br \/>\nSTRUCTURE EN DE BOIS MASSIF.<br \/>\nDIMENSIONS TOTALES : L259 X P170 X H97 CM<\/p>\n","protected":false},"featured_media":6618,"comment_status":"open","ping_status":"closed","template":"","meta":[],"product_brand":[],"product_cat":[77],"product_tag":[],"class_list":{"0":"post-6617","1":"product","2":"type-product","3":"status-publish","4":"has-post-thumbnail","6":"product_cat-salon-cuir-italien-tunisie","8":"first","9":"instock","10":"shipping-taxable","11":"product-type-simple"},"_links":{"self":[{"href":"https:\/\/loftsquare.tn\/index.php\/wp-json\/wp\/v2\/product\/6617","targetHints":{"allow":["GET"]}}],"collection":[{"href":"https:\/\/loftsquare.tn\/index.php\/wp-json\/wp\/v2\/product"}],"about":[{"href":"https:\/\/loftsquare.tn\/index.php\/wp-json\/wp\/v2\/types\/product"}],"replies":[{"embeddable":true,"href":"https:\/\/loftsquare.tn\/index.php\/wp-json\/wp\/v2\/comments?post=6617"}],"wp:featuredmedia":[{"embeddable":true,"href":"https:\/\/loftsquare.tn\/index.php\/wp-json\/wp\/v2\/media\/6618"}],"wp:attachment":[{"href":"https:\/\/loftsquare.tn\/index.php\/wp-json\/wp\/v2\/media?parent=6617"}],"wp:term":[{"taxonomy":"product_brand","embeddable":true,"href":"https:\/\/loftsquare.tn\/index.php\/wp-json\/wp\/v2\/product_brand?post=6617"},{"taxonomy":"product_cat","embeddable":true,"href":"https:\/\/loftsquare.tn\/index.php\/wp-json\/wp\/v2\/product_cat?post=6617"},{"taxonomy":"product_tag","embeddable":true,"href":"https:\/\/loftsquare.tn\/index.php\/wp-json\/wp\/v2\/product_tag?post=6617"}],"curies":[{"name":"wp","href":"https:\/\/api.w.org\/{rel}","templated":true}]}}