{"id":6624,"date":"2026-03-08T14:12:05","date_gmt":"2026-03-08T14:12:05","guid":{"rendered":"https:\/\/loftsquare.tn\/?post_type=product&#038;p=6624"},"modified":"2026-03-08T14:12:06","modified_gmt":"2026-03-08T14:12:06","slug":"salon-panama","status":"publish","type":"product","link":"https:\/\/loftsquare.tn\/index.php\/product\/salon-panama\/","title":{"rendered":"SALON PANAMA"},"content":{"rendered":"<p><strong>SALON PANAMA<\/strong><br \/>\nTR\u00c8S BEAU CANAP\u00c9 DESIGN EN CUIR ITALIEN DE GRAND LUXE,<br \/>\nCUIR DE VACHETTE. UN STYLE CONTEMPORAIN ET TR\u00c8S \u00c9L\u00c9GANT, UN MOD\u00c8LE QUI PLAIT BEAUCOUP! IL OFFRE UN EXCELLENT CONFORT. TR\u00c8S BELLE QUALIT\u00c9 DE FABRICATION.<br \/>\nPI\u00c8TEMENT EN M\u00c9TAL CHROM\u00c9 DE QUALIT\u00c9 QUI EST TR\u00c8S TENDANCE.<br \/>\nSTRUCTURE EN DE BOIS MASSIF.<br \/>\nDIMENSIONS TOTALES : L296 X P220 X H95 CM<\/p>\n","protected":false},"excerpt":{"rendered":"<p><strong>SALON PANAMA<\/strong><br \/>\nTR\u00c8S BEAU CANAP\u00c9 DESIGN EN CUIR ITALIEN DE GRAND LUXE,<br \/>\nCUIR DE VACHETTE. UN STYLE CONTEMPORAIN ET TR\u00c8S \u00c9L\u00c9GANT, UN MOD\u00c8LE QUI PLAIT BEAUCOUP! IL OFFRE UN EXCELLENT CONFORT. TR\u00c8S BELLE QUALIT\u00c9 DE FABRICATION.<br \/>\nPI\u00c8TEMENT EN M\u00c9TAL CHROM\u00c9 DE QUALIT\u00c9 QUI EST TR\u00c8S TENDANCE.<br \/>\nSTRUCTURE EN DE BOIS MASSIF.<br \/>\nDIMENSIONS TOTALES : L296 X P220 X H95 CM<\/p>\n","protected":false},"featured_media":6625,"comment_status":"open","ping_status":"closed","template":"","meta":[],"product_brand":[],"product_cat":[77],"product_tag":[],"class_list":{"0":"post-6624","1":"product","2":"type-product","3":"status-publish","4":"has-post-thumbnail","6":"product_cat-salon-cuir-italien-tunisie","8":"first","9":"instock","10":"shipping-taxable","11":"product-type-simple"},"_links":{"self":[{"href":"https:\/\/loftsquare.tn\/index.php\/wp-json\/wp\/v2\/product\/6624","targetHints":{"allow":["GET"]}}],"collection":[{"href":"https:\/\/loftsquare.tn\/index.php\/wp-json\/wp\/v2\/product"}],"about":[{"href":"https:\/\/loftsquare.tn\/index.php\/wp-json\/wp\/v2\/types\/product"}],"replies":[{"embeddable":true,"href":"https:\/\/loftsquare.tn\/index.php\/wp-json\/wp\/v2\/comments?post=6624"}],"wp:featuredmedia":[{"embeddable":true,"href":"https:\/\/loftsquare.tn\/index.php\/wp-json\/wp\/v2\/media\/6625"}],"wp:attachment":[{"href":"https:\/\/loftsquare.tn\/index.php\/wp-json\/wp\/v2\/media?parent=6624"}],"wp:term":[{"taxonomy":"product_brand","embeddable":true,"href":"https:\/\/loftsquare.tn\/index.php\/wp-json\/wp\/v2\/product_brand?post=6624"},{"taxonomy":"product_cat","embeddable":true,"href":"https:\/\/loftsquare.tn\/index.php\/wp-json\/wp\/v2\/product_cat?post=6624"},{"taxonomy":"product_tag","embeddable":true,"href":"https:\/\/loftsquare.tn\/index.php\/wp-json\/wp\/v2\/product_tag?post=6624"}],"curies":[{"name":"wp","href":"https:\/\/api.w.org\/{rel}","templated":true}]}}