{"id":6642,"date":"2026-03-08T18:21:39","date_gmt":"2026-03-08T18:21:39","guid":{"rendered":"https:\/\/loftsquare.tn\/?post_type=product&#038;p=6642"},"modified":"2026-03-08T18:21:39","modified_gmt":"2026-03-08T18:21:39","slug":"lustre-ginkgo-c","status":"publish","type":"product","link":"https:\/\/loftsquare.tn\/index.php\/product\/lustre-ginkgo-c\/","title":{"rendered":"LUSTRE GINKGO &#8211; C"},"content":{"rendered":"<p>GINKGO &#8211; C<br \/>\nSuspension moderne \u00e0 feuilles de ginkgo<\/p>\n<p>Suspension moderne en forme de feuille de ginkgo. Id\u00e9ale pour les salons, salles \u00e0 manger, couloirs, restaurants et h\u00f4tels.<\/p>\n<p>Apportez la magie de la nature dans votre int\u00e9rieur gr\u00e2ce \u00e0 ce luminaire d&rsquo;exception. Cette suspension extraordinaire allie design moderne et savoir-faire artisanal : des feuilles brunes, ponctu\u00e9es de touches de verdure, composent une ambiance automnale \u00e9voquant la cime d&rsquo;un arbre. Des sources lumineuses discr\u00e8tes illuminent l&rsquo;espace, cr\u00e9ant une atmosph\u00e8re chaleureuse et intime.<\/p>\n<p>Elle deviendra la pi\u00e8ce ma\u00eetresse de tout int\u00e9rieur, attirant tous les regards et cr\u00e9ant une ambiance unique. Id\u00e9ale pour un salon, une salle \u00e0 manger ou un bureau \u00e9l\u00e9gant. Parfaite pour ceux qui appr\u00e9cient les d\u00e9tails uniques et le luxe naturel.<\/p>\n<p>Informations sur le produit :<br \/>\nCouleur : marron\/vert<br \/>\nMat\u00e9riaux : m\u00e9tal et acrylique<br \/>\nHauteur totale de la lampe : 200 cm (r\u00e9glable)<br \/>\nLongueur de la partie d\u00e9corative : 80\/100\/120\/150\/200 cm<br \/>\nLargeur de la partie d\u00e9corative : 45\/40\/50\/55\/70 cm<br \/>\nSource lumineuse : ampoules G9<br \/>\nPuissance : LED 7 W (1 ampoule)<\/p>\n<p>MAT\u00c9RIAU : FER, C\u00c9RAMIQUE<br \/>\nDIMENSIONS : 120 X 50 X 48 CM<br \/>\nLUMI\u00c8RE : LED<\/p>\n","protected":false},"excerpt":{"rendered":"<p>GINKGO &#8211; C<br \/>\nSuspension moderne \u00e0 feuilles de ginkgo<\/p>\n<p>Suspension moderne en forme de feuille de ginkgo. Id\u00e9ale pour les salons, salles \u00e0 manger, couloirs, restaurants et h\u00f4tels.<\/p>\n<p>Apportez la magie de la nature dans votre int\u00e9rieur gr\u00e2ce \u00e0 ce luminaire d&rsquo;exception. Cette suspension extraordinaire allie design moderne et savoir-faire artisanal : des feuilles brunes, ponctu\u00e9es de touches de verdure, composent une ambiance automnale \u00e9voquant la cime d&rsquo;un arbre. Des sources lumineuses discr\u00e8tes illuminent l&rsquo;espace, cr\u00e9ant une atmosph\u00e8re chaleureuse et intime.<\/p>\n<p>Elle deviendra la pi\u00e8ce ma\u00eetresse de tout int\u00e9rieur, attirant tous les regards et cr\u00e9ant une ambiance unique. Id\u00e9ale pour un salon, une salle \u00e0 manger ou un bureau \u00e9l\u00e9gant. Parfaite pour ceux qui appr\u00e9cient les d\u00e9tails uniques et le luxe naturel.<\/p>\n<p>Informations sur le produit :<br \/>\nCouleur : marron\/vert<br \/>\nMat\u00e9riaux : m\u00e9tal et acrylique<br \/>\nHauteur totale de la lampe : 200 cm (r\u00e9glable)<br \/>\nLongueur de la partie d\u00e9corative : 80\/100\/120\/150\/200 cm<br \/>\nLargeur de la partie d\u00e9corative : 45\/40\/50\/55\/70 cm<br \/>\nSource lumineuse : ampoules G9<br \/>\nPuissance : LED 7 W (1 ampoule)<\/p>\n<p>MAT\u00c9RIAU : FER, C\u00c9RAMIQUE<br \/>\nDIMENSIONS : 120 X 50 X 48 CM<br \/>\nLUMI\u00c8RE : LED<\/p>\n<p>&nbsp;<\/p>\n","protected":false},"featured_media":6643,"comment_status":"open","ping_status":"closed","template":"","meta":[],"product_brand":[],"product_cat":[78],"product_tag":[],"class_list":{"0":"post-6642","1":"product","2":"type-product","3":"status-publish","4":"has-post-thumbnail","6":"product_cat-lustres-design-tunisie","8":"first","9":"instock","10":"shipping-taxable","11":"product-type-simple"},"_links":{"self":[{"href":"https:\/\/loftsquare.tn\/index.php\/wp-json\/wp\/v2\/product\/6642","targetHints":{"allow":["GET"]}}],"collection":[{"href":"https:\/\/loftsquare.tn\/index.php\/wp-json\/wp\/v2\/product"}],"about":[{"href":"https:\/\/loftsquare.tn\/index.php\/wp-json\/wp\/v2\/types\/product"}],"replies":[{"embeddable":true,"href":"https:\/\/loftsquare.tn\/index.php\/wp-json\/wp\/v2\/comments?post=6642"}],"wp:featuredmedia":[{"embeddable":true,"href":"https:\/\/loftsquare.tn\/index.php\/wp-json\/wp\/v2\/media\/6643"}],"wp:attachment":[{"href":"https:\/\/loftsquare.tn\/index.php\/wp-json\/wp\/v2\/media?parent=6642"}],"wp:term":[{"taxonomy":"product_brand","embeddable":true,"href":"https:\/\/loftsquare.tn\/index.php\/wp-json\/wp\/v2\/product_brand?post=6642"},{"taxonomy":"product_cat","embeddable":true,"href":"https:\/\/loftsquare.tn\/index.php\/wp-json\/wp\/v2\/product_cat?post=6642"},{"taxonomy":"product_tag","embeddable":true,"href":"https:\/\/loftsquare.tn\/index.php\/wp-json\/wp\/v2\/product_tag?post=6642"}],"curies":[{"name":"wp","href":"https:\/\/api.w.org\/{rel}","templated":true}]}}