{"id":6654,"date":"2026-03-08T22:31:57","date_gmt":"2026-03-08T22:31:57","guid":{"rendered":"https:\/\/loftsquare.tn\/?post_type=product&#038;p=6654"},"modified":"2026-03-08T22:31:58","modified_gmt":"2026-03-08T22:31:58","slug":"lustre-gold-moon","status":"publish","type":"product","link":"https:\/\/loftsquare.tn\/index.php\/product\/lustre-gold-moon\/","title":{"rendered":"LUSTRE GOLD MOON"},"content":{"rendered":"<p><strong>LUSTRE GOLD MOON\u00a0<\/strong><\/p>\n<p>Gold Moon Chandelier r\u00e9interpr\u00e8te le concept traditionnel de chandelier et le transforme en une impressionnante cascade de lumi\u00e8res suspendues .<br \/>\nMAT\u00c9RIAU : ALLIAGE<br \/>\nMONTAGE : PLAFO<\/p>\n","protected":false},"excerpt":{"rendered":"<p><strong>LUSTRE GOLD MOON\u00a0<\/strong><\/p>\n<p>Gold Moon Chandelier r\u00e9interpr\u00e8te le concept traditionnel de chandelier et le transforme en une impressionnante cascade de lumi\u00e8res suspendues .<\/p>\n","protected":false},"featured_media":6655,"comment_status":"open","ping_status":"closed","template":"","meta":[],"product_brand":[],"product_cat":[78],"product_tag":[],"class_list":{"0":"post-6654","1":"product","2":"type-product","3":"status-publish","4":"has-post-thumbnail","6":"product_cat-lustres-design-tunisie","8":"first","9":"instock","10":"shipping-taxable","11":"product-type-simple"},"_links":{"self":[{"href":"https:\/\/loftsquare.tn\/index.php\/wp-json\/wp\/v2\/product\/6654","targetHints":{"allow":["GET"]}}],"collection":[{"href":"https:\/\/loftsquare.tn\/index.php\/wp-json\/wp\/v2\/product"}],"about":[{"href":"https:\/\/loftsquare.tn\/index.php\/wp-json\/wp\/v2\/types\/product"}],"replies":[{"embeddable":true,"href":"https:\/\/loftsquare.tn\/index.php\/wp-json\/wp\/v2\/comments?post=6654"}],"wp:featuredmedia":[{"embeddable":true,"href":"https:\/\/loftsquare.tn\/index.php\/wp-json\/wp\/v2\/media\/6655"}],"wp:attachment":[{"href":"https:\/\/loftsquare.tn\/index.php\/wp-json\/wp\/v2\/media?parent=6654"}],"wp:term":[{"taxonomy":"product_brand","embeddable":true,"href":"https:\/\/loftsquare.tn\/index.php\/wp-json\/wp\/v2\/product_brand?post=6654"},{"taxonomy":"product_cat","embeddable":true,"href":"https:\/\/loftsquare.tn\/index.php\/wp-json\/wp\/v2\/product_cat?post=6654"},{"taxonomy":"product_tag","embeddable":true,"href":"https:\/\/loftsquare.tn\/index.php\/wp-json\/wp\/v2\/product_tag?post=6654"}],"curies":[{"name":"wp","href":"https:\/\/api.w.org\/{rel}","templated":true}]}}