{"id":6667,"date":"2026-03-08T22:37:56","date_gmt":"2026-03-08T22:37:56","guid":{"rendered":"https:\/\/loftsquare.tn\/?post_type=product&#038;p=6667"},"modified":"2026-03-08T22:39:17","modified_gmt":"2026-03-08T22:39:17","slug":"lustre-shades","status":"publish","type":"product","link":"https:\/\/loftsquare.tn\/index.php\/product\/lustre-shades\/","title":{"rendered":"Lustre  SHADES"},"content":{"rendered":"<p data-start=\"142\" data-end=\"258\"><strong data-start=\"142\" data-end=\"258\">Lustre SHADES en cristal de luxe LED \u2013 Suspension moderne post-moderne en aluminium et cristal K9, 3 couleurs r\u00e9glables <\/strong><\/p>\n<p>Apportez une touche de <strong data-start=\"322\" data-end=\"353\">raffinement et de modernit\u00e9<\/strong> \u00e0 votre int\u00e9rieur avec ce <strong data-start=\"380\" data-end=\"413\">lustre en cristal de luxe LED<\/strong>.<br data-start=\"414\" data-end=\"417\" \/>Con\u00e7u dans un style <strong data-start=\"437\" data-end=\"461\">post-moderne \u00e9l\u00e9gant<\/strong>, ce luminaire associe l\u2019\u00e9clat du <strong data-start=\"495\" data-end=\"529\">cristal K9 gris et transparent<\/strong> \u00e0 la robustesse de l\u2019<strong data-start=\"551\" data-end=\"564\">aluminium<\/strong> pour un rendu \u00e0 la fois <strong data-start=\"589\" data-end=\"615\">sophistiqu\u00e9 et durable<\/strong>.<\/p>\n<p data-start=\"620\" data-end=\"934\">Les <strong data-start=\"624\" data-end=\"649\">cristaux multicouches<\/strong> r\u00e9fractent la lumi\u00e8re de mani\u00e8re spectaculaire,<\/p>\n<p>cr\u00e9ant une <strong data-start=\"709\" data-end=\"759\">atmosph\u00e8re chaleureuse, romantique et luxueuse<\/strong>. Chaque facette du cristal capte la lumi\u00e8re pour produire un effet scintillant unique \u2014 id\u00e9al pour sublimer un salon, une chambre, un \u00eelot de cuisine ou une salle \u00e0 manger.<\/p>\n<p data-start=\"936\" data-end=\"1233\">Dot\u00e9 d\u2019une <strong data-start=\"947\" data-end=\"980\">source lumineuse LED r\u00e9glable<\/strong>, ce lustre propose <strong data-start=\"1000\" data-end=\"1049\">trois temp\u00e9ratures de couleur (3000K \u00e0 6000K)<\/strong>, ajustables via un simple <strong data-start=\"1076\" data-end=\"1098\">interrupteur mural<\/strong>. Vous pouvez ainsi cr\u00e9er l\u2019ambiance parfaite selon le moment de la journ\u00e9e : douce lumi\u00e8re chaude, blanche neutre ou blanche froide.<\/p>\n<p data-start=\"1235\" data-end=\"1389\">Ce luminaire d\u2019exception est une <strong data-start=\"1268\" data-end=\"1298\">v\u00e9ritable pi\u00e8ce d\u00e9corative<\/strong>, alliant <strong data-start=\"1308\" data-end=\"1331\">design contemporain<\/strong>, <strong data-start=\"1333\" data-end=\"1356\">technologie moderne<\/strong> et <strong data-start=\"1360\" data-end=\"1386\">efficacit\u00e9 \u00e9nerg\u00e9tique<\/strong>.<\/p>\n<h6 data-start=\"1396\" data-end=\"1437\"><strong data-start=\"1402\" data-end=\"1435\">Caract\u00e9ristiques techniques :<\/strong><\/h6>\n<ul data-start=\"1438\" data-end=\"2080\">\n<li data-start=\"1438\" data-end=\"1495\">\n<p data-start=\"1440\" data-end=\"1495\"><strong data-start=\"1443\" data-end=\"1462\">Nom du mod\u00e8le :<\/strong> LUSTRE CRISTAL LED \u2013 MOD\u00c8LE 65<\/p>\n<\/li>\n<li data-start=\"1496\" data-end=\"1540\">\n<p data-start=\"1498\" data-end=\"1540\"><strong data-start=\"1501\" data-end=\"1516\">Mat\u00e9riaux :<\/strong> Aluminium, Cristal K9<\/p>\n<\/li>\n<li data-start=\"1541\" data-end=\"1580\">\n<p data-start=\"1543\" data-end=\"1580\"><strong data-start=\"1546\" data-end=\"1562\">Dimensions :<\/strong> 80 \u00d7 80 \u00d7 18 cm<\/p>\n<\/li>\n<\/ul>\n","protected":false},"excerpt":{"rendered":"<p data-start=\"142\" data-end=\"258\"><strong data-start=\"142\" data-end=\"258\">Lustre SHADES en cristal de luxe LED \u2013 Suspension moderne post-moderne en aluminium et cristal K9, 3 couleurs r\u00e9glables <\/strong><\/p>\n<p>Apportez une touche de <strong data-start=\"322\" data-end=\"353\">raffinement et de modernit\u00e9<\/strong> \u00e0 votre int\u00e9rieur avec ce <strong data-start=\"380\" data-end=\"413\">lustre en cristal de luxe LED<\/strong>.<br data-start=\"414\" data-end=\"417\" \/>Con\u00e7u dans un style <strong data-start=\"437\" data-end=\"461\">post-moderne \u00e9l\u00e9gant<\/strong>, ce luminaire associe l\u2019\u00e9clat du <strong data-start=\"495\" data-end=\"529\">cristal K9 gris et transparent<\/strong> \u00e0 la robustesse de l\u2019<strong data-start=\"551\" data-end=\"564\">aluminium<\/strong> pour un rendu \u00e0 la fois <strong data-start=\"589\" data-end=\"615\">sophistiqu\u00e9 et durable<\/strong>.<\/p>\n<p data-start=\"620\" data-end=\"934\">Les <strong data-start=\"624\" data-end=\"649\">cristaux multicouches<\/strong> r\u00e9fractent la lumi\u00e8re de mani\u00e8re spectaculaire,<\/p>\n","protected":false},"featured_media":6668,"comment_status":"open","ping_status":"closed","template":"","meta":[],"product_brand":[],"product_cat":[78],"product_tag":[],"class_list":{"0":"post-6667","1":"product","2":"type-product","3":"status-publish","4":"has-post-thumbnail","6":"product_cat-lustres-design-tunisie","8":"first","9":"instock","10":"shipping-taxable","11":"product-type-simple"},"_links":{"self":[{"href":"https:\/\/loftsquare.tn\/index.php\/wp-json\/wp\/v2\/product\/6667","targetHints":{"allow":["GET"]}}],"collection":[{"href":"https:\/\/loftsquare.tn\/index.php\/wp-json\/wp\/v2\/product"}],"about":[{"href":"https:\/\/loftsquare.tn\/index.php\/wp-json\/wp\/v2\/types\/product"}],"replies":[{"embeddable":true,"href":"https:\/\/loftsquare.tn\/index.php\/wp-json\/wp\/v2\/comments?post=6667"}],"wp:featuredmedia":[{"embeddable":true,"href":"https:\/\/loftsquare.tn\/index.php\/wp-json\/wp\/v2\/media\/6668"}],"wp:attachment":[{"href":"https:\/\/loftsquare.tn\/index.php\/wp-json\/wp\/v2\/media?parent=6667"}],"wp:term":[{"taxonomy":"product_brand","embeddable":true,"href":"https:\/\/loftsquare.tn\/index.php\/wp-json\/wp\/v2\/product_brand?post=6667"},{"taxonomy":"product_cat","embeddable":true,"href":"https:\/\/loftsquare.tn\/index.php\/wp-json\/wp\/v2\/product_cat?post=6667"},{"taxonomy":"product_tag","embeddable":true,"href":"https:\/\/loftsquare.tn\/index.php\/wp-json\/wp\/v2\/product_tag?post=6667"}],"curies":[{"name":"wp","href":"https:\/\/api.w.org\/{rel}","templated":true}]}}