{"id":6678,"date":"2026-03-08T22:45:19","date_gmt":"2026-03-08T22:45:19","guid":{"rendered":"https:\/\/loftsquare.tn\/?post_type=product&#038;p=6678"},"modified":"2026-03-08T22:45:19","modified_gmt":"2026-03-08T22:45:19","slug":"lustre-fuya","status":"publish","type":"product","link":"https:\/\/loftsquare.tn\/index.php\/product\/lustre-fuya\/","title":{"rendered":"Lustre FUYA"},"content":{"rendered":"<p><strong>Lustre FUYA<\/strong> \u2013 Suspension moderne en cristal dor\u00e9, design branches d\u2019arbre, LED \u00d880 cm<\/p>\n<p data-start=\"342\" data-end=\"632\">D\u00e9couvrez le <strong data-start=\"355\" data-end=\"370\">lustre FUYA<\/strong>, une pi\u00e8ce d\u2019exception qui allie <strong data-start=\"404\" data-end=\"429\">l\u2019\u00e9l\u00e9gance du cristal<\/strong> \u00e0 la <strong data-start=\"435\" data-end=\"466\">finesse de l\u2019aluminium dor\u00e9<\/strong>. Inspir\u00e9 par la nature, son design en forme de <strong data-start=\"514\" data-end=\"575\">branches d\u2019arbre orn\u00e9es de gouttes de pluie en cristal K9<\/strong> \u00e9voque la l\u00e9g\u00e8ret\u00e9 et la beaut\u00e9 des \u00e9l\u00e9ments naturels.<\/p>\n<p data-start=\"634\" data-end=\"909\">Chaque d\u00e9tail du <strong data-start=\"651\" data-end=\"659\">FUYA<\/strong> refl\u00e8te un savoir-faire remarquable : une structure raffin\u00e9e en <strong data-start=\"724\" data-end=\"747\">alliage d\u2019aluminium<\/strong>, de <strong data-start=\"752\" data-end=\"797\">superbes pampilles en cristal transparent<\/strong>, et un \u00e9clairage <strong data-start=\"815\" data-end=\"841\">LED doux et chaleureux<\/strong> qui illumine votre int\u00e9rieur d\u2019une lumi\u00e8re raffin\u00e9e et apaisante.<\/p>\n<p data-start=\"911\" data-end=\"1133\">Ce lustre est parfait pour sublimer votre <strong data-start=\"953\" data-end=\"971\">salle \u00e0 manger<\/strong>, <strong data-start=\"973\" data-end=\"982\">salon<\/strong>, <strong data-start=\"984\" data-end=\"994\">entr\u00e9e<\/strong> ou <strong data-start=\"998\" data-end=\"1009\">chambre<\/strong>. Gr\u00e2ce \u00e0 sa <strong data-start=\"1022\" data-end=\"1042\">hauteur r\u00e9glable<\/strong>, il s\u2019adapte ais\u00e9ment \u00e0 tous types de plafonds, qu\u2019ils soient plats, inclin\u00e9s ou vo\u00fbt\u00e9s.<\/p>\n<p data-start=\"1135\" data-end=\"1243\">Un luminaire haut de gamme au <strong data-start=\"1165\" data-end=\"1193\">style moderne et luxueux<\/strong>, symbole d\u2019harmonie et d\u2019\u00e9l\u00e9gance intemporelle.<\/p>\n<hr data-start=\"1245\" data-end=\"1248\" \/>\n<ul data-start=\"1292\" data-end=\"1980\">\n<li data-start=\"1292\" data-end=\"1316\">\n<p data-start=\"1294\" data-end=\"1316\"><strong data-start=\"1297\" data-end=\"1309\">Mod\u00e8le :<\/strong> FUYA<\/p>\n<\/li>\n<li data-start=\"1317\" data-end=\"1361\">\n<p data-start=\"1319\" data-end=\"1361\"><strong data-start=\"1322\" data-end=\"1337\">Mat\u00e9riaux :<\/strong> Aluminium, Cristal K9<\/p>\n<\/li>\n<li data-start=\"1362\" data-end=\"1401\">\n<p data-start=\"1364\" data-end=\"1401\"><strong data-start=\"1367\" data-end=\"1383\">Dimensions :<\/strong> 80 \u00d7 80 \u00d7 40 cm<\/p>\n<\/li>\n<li data-start=\"1402\" data-end=\"1462\">\n<p data-start=\"1404\" data-end=\"1462\"><strong data-start=\"1407\" data-end=\"1428\">Type de lumi\u00e8re :<\/strong> LED (ampoules G9, non incluses)<\/p>\n<\/li>\n<li data-start=\"1463\" data-end=\"1529\">\n<p data-start=\"1465\" data-end=\"1529\"><strong data-start=\"1468\" data-end=\"1496\">Temp\u00e9rature de couleur :<\/strong> Blanc chaud (3000K recommand\u00e9)<\/p>\n<\/li>\n<li data-start=\"1530\" data-end=\"1554\">\n<p data-start=\"1532\" data-end=\"1554\"><strong data-start=\"1534\" data-end=\"1547\">Tension :<\/strong> 220V<\/p>\n<\/li>\n<li data-start=\"1555\" data-end=\"1634\">\n<p data-start=\"1557\" data-end=\"1634\"><strong data-start=\"1560\" data-end=\"1578\">Installation :<\/strong> Suspension au plafond, hauteur r\u00e9glable (50 \u00e0 200 cm)<\/p>\n<\/li>\n<li data-start=\"1635\" data-end=\"1690\">\n<p data-start=\"1637\" data-end=\"1690\"><strong data-start=\"1640\" data-end=\"1674\">Nombre de sources lumineuses :<\/strong> 9 ampoules G9<\/p>\n<\/li>\n<li data-start=\"1691\" data-end=\"1726\">\n<p data-start=\"1693\" data-end=\"1726\"><strong data-start=\"1696\" data-end=\"1710\">Finition :<\/strong> Dor\u00e9 brillant<\/p>\n<\/li>\n<li data-start=\"1727\" data-end=\"1797\">\n<p data-start=\"1729\" data-end=\"1797\"><strong data-start=\"1732\" data-end=\"1749\">Application :<\/strong> Salon, salle \u00e0 manger, chambre, entr\u00e9e, h\u00f4tel<\/p>\n<\/li>\n<li data-start=\"1798\" data-end=\"1842\">\n<p data-start=\"1800\" data-end=\"1842\"><strong data-start=\"1803\" data-end=\"1814\">Style :<\/strong> Moderne, Naturel, Luxueux<\/p>\n<\/li>\n<li data-start=\"1843\" data-end=\"1924\">\n<p data-start=\"1845\" data-end=\"1924\"><strong data-start=\"1849\" data-end=\"1862\">Montage :<\/strong> Simple \u2013 les cristaux se fixent facilement sur les branches<\/p>\n<\/li>\n<\/ul>\n","protected":false},"excerpt":{"rendered":"<p>Lustre FUYA \u2013 Suspension moderne en cristal dor\u00e9, design branches d\u2019arbre, LED \u00d880 cm D\u00e9couvrez le lustre FUYA, une pi\u00e8ce d\u2019exception qui allie l\u2019\u00e9l\u00e9gance du cristal \u00e0 la finesse de l\u2019aluminium dor\u00e9. Inspir\u00e9 par la nature, son design en forme de branches d\u2019arbre orn\u00e9es de gouttes de pluie en cristal K9 \u00e9voque la l\u00e9g\u00e8ret\u00e9 et [&hellip;]<\/p>\n","protected":false},"featured_media":6679,"comment_status":"open","ping_status":"closed","template":"","meta":[],"product_brand":[],"product_cat":[78],"product_tag":[],"class_list":{"0":"post-6678","1":"product","2":"type-product","3":"status-publish","4":"has-post-thumbnail","6":"product_cat-lustres-design-tunisie","8":"first","9":"instock","10":"shipping-taxable","11":"product-type-simple"},"_links":{"self":[{"href":"https:\/\/loftsquare.tn\/index.php\/wp-json\/wp\/v2\/product\/6678","targetHints":{"allow":["GET"]}}],"collection":[{"href":"https:\/\/loftsquare.tn\/index.php\/wp-json\/wp\/v2\/product"}],"about":[{"href":"https:\/\/loftsquare.tn\/index.php\/wp-json\/wp\/v2\/types\/product"}],"replies":[{"embeddable":true,"href":"https:\/\/loftsquare.tn\/index.php\/wp-json\/wp\/v2\/comments?post=6678"}],"wp:featuredmedia":[{"embeddable":true,"href":"https:\/\/loftsquare.tn\/index.php\/wp-json\/wp\/v2\/media\/6679"}],"wp:attachment":[{"href":"https:\/\/loftsquare.tn\/index.php\/wp-json\/wp\/v2\/media?parent=6678"}],"wp:term":[{"taxonomy":"product_brand","embeddable":true,"href":"https:\/\/loftsquare.tn\/index.php\/wp-json\/wp\/v2\/product_brand?post=6678"},{"taxonomy":"product_cat","embeddable":true,"href":"https:\/\/loftsquare.tn\/index.php\/wp-json\/wp\/v2\/product_cat?post=6678"},{"taxonomy":"product_tag","embeddable":true,"href":"https:\/\/loftsquare.tn\/index.php\/wp-json\/wp\/v2\/product_tag?post=6678"}],"curies":[{"name":"wp","href":"https:\/\/api.w.org\/{rel}","templated":true}]}}