{"id":6692,"date":"2026-03-08T22:59:40","date_gmt":"2026-03-08T22:59:40","guid":{"rendered":"https:\/\/loftsquare.tn\/?post_type=product&#038;p=6692"},"modified":"2026-03-08T23:00:01","modified_gmt":"2026-03-08T23:00:01","slug":"lustre-papillon","status":"publish","type":"product","link":"https:\/\/loftsquare.tn\/index.php\/product\/lustre-papillon\/","title":{"rendered":"Lustre PAPILLON"},"content":{"rendered":"<p>Lustre PAPILLON \u2013 Lustre moderne LED 6 ampoules, aluminium et cristal, suspension c\u00e2ble, 10-15 m\u00b2<\/p>\n<p data-start=\"269\" data-end=\"564\">Le <strong data-start=\"272\" data-end=\"291\">lustre PAPILLON<\/strong> allie <strong data-start=\"298\" data-end=\"316\">design moderne<\/strong> et <strong data-start=\"320\" data-end=\"344\">\u00e9clairage chaleureux<\/strong> pour sublimer votre int\u00e9rieur. Avec ses <strong data-start=\"385\" data-end=\"413\">6 ampoules LED int\u00e9gr\u00e9es<\/strong>, il diffuse une lumi\u00e8re \u00e9clatante et homog\u00e8ne, id\u00e9ale pour cr\u00e9er une atmosph\u00e8re accueillante dans votre <strong data-start=\"518\" data-end=\"527\">salon<\/strong>, <strong data-start=\"529\" data-end=\"547\">salle \u00e0 manger<\/strong> ou <strong data-start=\"551\" data-end=\"561\">entr\u00e9e<\/strong>.<\/p>\n<p data-start=\"566\" data-end=\"817\">Con\u00e7u en <strong data-start=\"575\" data-end=\"596\">aluminium durable<\/strong> avec des <strong data-start=\"606\" data-end=\"631\">cristaux scintillants<\/strong>, ce lustre apporte une touche de <strong data-start=\"665\" data-end=\"686\">luxe contemporain<\/strong> et un \u00e9clat raffin\u00e9 \u00e0 toute pi\u00e8ce. Parfait pour <strong data-start=\"735\" data-end=\"773\">\u00e9clairer des espaces de 10 \u00e0 15 m\u00b2<\/strong>, il combine esth\u00e9tique et fonctionnalit\u00e9.<\/p>\n<p data-start=\"819\" data-end=\"1035\">Son installation est simple gr\u00e2ce \u00e0 son <strong data-start=\"859\" data-end=\"887\">c\u00e2ble pendentif r\u00e9glable<\/strong>, adapt\u00e9 \u00e0 diff\u00e9rents types de plafond. Le PAPILLON est le choix parfait pour ceux qui recherchent <strong data-start=\"986\" data-end=\"1032\">\u00e9l\u00e9gance, durabilit\u00e9 et lumi\u00e8re de qualit\u00e9<\/strong>.<\/p>\n<hr data-start=\"1037\" data-end=\"1040\" \/>\n<h3 data-start=\"1042\" data-end=\"1083\"><\/h3>\n<ul data-start=\"1084\" data-end=\"1656\">\n<li data-start=\"1084\" data-end=\"1112\">\n<p data-start=\"1086\" data-end=\"1112\"><strong data-start=\"1089\" data-end=\"1101\">Mod\u00e8le :<\/strong> PAPILLON<\/p>\n<\/li>\n<li data-start=\"1113\" data-end=\"1167\">\n<p data-start=\"1115\" data-end=\"1167\"><strong data-start=\"1118\" data-end=\"1140\">Source lumineuse :<\/strong> 6 ampoules LED int\u00e9gr\u00e9es<\/p>\n<\/li>\n<li data-start=\"1168\" data-end=\"1209\">\n<p data-start=\"1170\" data-end=\"1209\"><strong data-start=\"1173\" data-end=\"1188\">Mat\u00e9riaux :<\/strong> Aluminium, Cristal<\/p>\n<\/li>\n<li data-start=\"1210\" data-end=\"1251\">\n<p data-start=\"1212\" data-end=\"1251\"><strong data-start=\"1215\" data-end=\"1231\">Dimensions :<\/strong> 160 \u00d7 160 \u00d7 40 cm<\/p>\n<\/li>\n<li data-start=\"1252\" data-end=\"1324\">\n<p data-start=\"1254\" data-end=\"1324\"><strong data-start=\"1257\" data-end=\"1285\">Temp\u00e9rature de couleur :<\/strong> 3000K \u2013 6000K (blanc chaud \u00e0 neutre)<\/p>\n<\/li>\n<li data-start=\"1325\" data-end=\"1349\">\n<p data-start=\"1327\" data-end=\"1349\"><strong data-start=\"1329\" data-end=\"1342\">Tension :<\/strong> 220V<\/p>\n<\/li>\n<li data-start=\"1350\" data-end=\"1390\">\n<p data-start=\"1352\" data-end=\"1390\"><strong data-start=\"1355\" data-end=\"1379\">Zone de luminosit\u00e9 :<\/strong> 10-15 m\u00b2<\/p>\n<\/li>\n<li data-start=\"1391\" data-end=\"1444\">\n<p data-start=\"1393\" data-end=\"1444\"><strong data-start=\"1397\" data-end=\"1415\">Installation :<\/strong> Suspension c\u00e2ble, r\u00e9glable<\/p>\n<\/li>\n<li data-start=\"1445\" data-end=\"1508\">\n<p data-start=\"1447\" data-end=\"1508\"><strong data-start=\"1450\" data-end=\"1464\">Finition :<\/strong> Aluminium poli avec cristaux transparents<\/p>\n<\/li>\n<li data-start=\"1509\" data-end=\"1578\">\n<p data-start=\"1511\" data-end=\"1578\"><strong data-start=\"1514\" data-end=\"1532\">Applications :<\/strong> Salon, salle \u00e0 manger, hall, chambre, h\u00f4tel<\/p>\n<\/li>\n<li data-start=\"1579\" data-end=\"1628\">\n<p data-start=\"1581\" data-end=\"1628\"><strong data-start=\"1584\" data-end=\"1595\">Style :<\/strong> Moderne, Contemporain, Luxueux<\/p>\n<\/li>\n<\/ul>\n","protected":false},"excerpt":{"rendered":"<p>Lustre PAPILLON \u2013 Lustre moderne LED 6 ampoules, aluminium et cristal, suspension c\u00e2ble, 10-15 m\u00b2<\/p>\n<p data-start=\"269\" data-end=\"564\">Le <strong data-start=\"272\" data-end=\"291\">lustre PAPILLON<\/strong> allie <strong data-start=\"298\" data-end=\"316\">design moderne<\/strong> et <strong data-start=\"320\" data-end=\"344\">\u00e9clairage chaleureux<\/strong> pour sublimer votre int\u00e9rieur. Avec ses <strong data-start=\"385\" data-end=\"413\">6 ampoules LED int\u00e9gr\u00e9es<\/strong>, il diffuse une lumi\u00e8re \u00e9clatante et homog\u00e8ne, id\u00e9ale pour cr\u00e9er une atmosph\u00e8re accueillante dans votre <strong data-start=\"518\" data-end=\"527\">salon<\/strong>, <strong data-start=\"529\" data-end=\"547\">salle \u00e0 manger<\/strong> ou <strong data-start=\"551\" data-end=\"561\">entr\u00e9e<\/strong>.<\/p>\n<p data-start=\"566\" data-end=\"817\">Con\u00e7u en <strong data-start=\"575\" data-end=\"596\">aluminium durable<\/strong> avec des <strong data-start=\"606\" data-end=\"631\">cristaux scintillants<\/strong>, ce lustre apporte une touche de <strong data-start=\"665\" data-end=\"686\">luxe contemporain<\/strong> et un \u00e9clat raffin\u00e9 \u00e0 toute pi\u00e8ce. Parfait pour <strong data-start=\"735\" data-end=\"773\">\u00e9clairer des espaces de 10 \u00e0 15 m\u00b2<\/strong>, il combine esth\u00e9tique et fonctionnalit\u00e9.<\/p>\n<p data-start=\"819\" data-end=\"1035\">Son installation est simple gr\u00e2ce \u00e0 son <strong data-start=\"859\" data-end=\"887\">c\u00e2ble pendentif r\u00e9glable<\/strong>, adapt\u00e9 \u00e0 diff\u00e9rents types de plafond. Le PAPILLON est le choix parfait pour ceux qui recherchent <strong data-start=\"986\" data-end=\"1032\">\u00e9l\u00e9gance, durabilit\u00e9 et lumi\u00e8re de qualit\u00e9<\/strong>.<\/p>\n<hr data-start=\"1037\" data-end=\"1040\" \/>\n<h3 data-start=\"1042\" data-end=\"1083\"><\/h3>\n<ul data-start=\"1084\" data-end=\"1656\">\n<li data-start=\"1084\" data-end=\"1112\">\n<p data-start=\"1086\" data-end=\"1112\"><strong data-start=\"1089\" data-end=\"1101\">Mod\u00e8le :<\/strong> PAPILLON<\/p>\n<\/li>\n<li data-start=\"1113\" data-end=\"1167\">\n<p data-start=\"1115\" data-end=\"1167\"><strong data-start=\"1118\" data-end=\"1140\">Source lumineuse :<\/strong> 6 ampoules LED int\u00e9gr\u00e9es<\/p>\n<\/li>\n<li data-start=\"1168\" data-end=\"1209\">\n<p data-start=\"1170\" data-end=\"1209\"><strong data-start=\"1173\" data-end=\"1188\">Mat\u00e9riaux :<\/strong> Aluminium, Cristal<\/p>\n<\/li>\n<li data-start=\"1210\" data-end=\"1251\">\n<p data-start=\"1212\" data-end=\"1251\"><strong data-start=\"1215\" data-end=\"1231\">Dimensions :<\/strong> 160 \u00d7 160 \u00d7 40 cm<\/p>\n<\/li>\n<li data-start=\"1252\" data-end=\"1324\">\n<p data-start=\"1254\" data-end=\"1324\"><strong data-start=\"1257\" data-end=\"1285\">Temp\u00e9rature de couleur :<\/strong> 3000K \u2013 6000K (blanc chaud \u00e0 neutre)<\/p>\n<\/li>\n<li data-start=\"1325\" data-end=\"1349\">\n<p data-start=\"1327\" data-end=\"1349\"><strong data-start=\"1329\" data-end=\"1342\">Tension :<\/strong> 220V<\/p>\n<\/li>\n<li data-start=\"1350\" data-end=\"1390\">\n<p data-start=\"1352\" data-end=\"1390\"><strong data-start=\"1355\" data-end=\"1379\">Zone de luminosit\u00e9 :<\/strong> 10-15 m\u00b2<\/p>\n<\/li>\n<li data-start=\"1391\" data-end=\"1444\">\n<p data-start=\"1393\" data-end=\"1444\"><strong data-start=\"1397\" data-end=\"1415\">Installation :<\/strong> Suspension c\u00e2ble, r\u00e9glable<\/p>\n<\/li>\n<li data-start=\"1445\" data-end=\"1508\">\n<p data-start=\"1447\" data-end=\"1508\"><strong data-start=\"1450\" data-end=\"1464\">Finition :<\/strong> Aluminium poli avec cristaux transparents<\/p>\n<\/li>\n<li data-start=\"1509\" data-end=\"1578\">\n<p data-start=\"1511\" data-end=\"1578\"><strong data-start=\"1514\" data-end=\"1532\">Applications :<\/strong> Salon, salle \u00e0 manger, hall, chambre, h\u00f4tel<\/p>\n<\/li>\n<li data-start=\"1579\" data-end=\"1628\">\n<p data-start=\"1581\" data-end=\"1628\"><strong data-start=\"1584\" data-end=\"1595\">Style :<\/strong> Moderne, Contemporain, Luxueux<\/p>\n<\/li>\n<\/ul>\n","protected":false},"featured_media":6693,"comment_status":"open","ping_status":"closed","template":"","meta":[],"product_brand":[],"product_cat":[78],"product_tag":[],"class_list":{"0":"post-6692","1":"product","2":"type-product","3":"status-publish","4":"has-post-thumbnail","6":"product_cat-lustres-design-tunisie","8":"first","9":"instock","10":"shipping-taxable","11":"product-type-simple"},"_links":{"self":[{"href":"https:\/\/loftsquare.tn\/index.php\/wp-json\/wp\/v2\/product\/6692","targetHints":{"allow":["GET"]}}],"collection":[{"href":"https:\/\/loftsquare.tn\/index.php\/wp-json\/wp\/v2\/product"}],"about":[{"href":"https:\/\/loftsquare.tn\/index.php\/wp-json\/wp\/v2\/types\/product"}],"replies":[{"embeddable":true,"href":"https:\/\/loftsquare.tn\/index.php\/wp-json\/wp\/v2\/comments?post=6692"}],"wp:featuredmedia":[{"embeddable":true,"href":"https:\/\/loftsquare.tn\/index.php\/wp-json\/wp\/v2\/media\/6693"}],"wp:attachment":[{"href":"https:\/\/loftsquare.tn\/index.php\/wp-json\/wp\/v2\/media?parent=6692"}],"wp:term":[{"taxonomy":"product_brand","embeddable":true,"href":"https:\/\/loftsquare.tn\/index.php\/wp-json\/wp\/v2\/product_brand?post=6692"},{"taxonomy":"product_cat","embeddable":true,"href":"https:\/\/loftsquare.tn\/index.php\/wp-json\/wp\/v2\/product_cat?post=6692"},{"taxonomy":"product_tag","embeddable":true,"href":"https:\/\/loftsquare.tn\/index.php\/wp-json\/wp\/v2\/product_tag?post=6692"}],"curies":[{"name":"wp","href":"https:\/\/api.w.org\/{rel}","templated":true}]}}