{"id":6701,"date":"2026-03-08T23:29:53","date_gmt":"2026-03-08T23:29:53","guid":{"rendered":"https:\/\/loftsquare.tn\/?post_type=product&#038;p=6701"},"modified":"2026-03-08T23:29:53","modified_gmt":"2026-03-08T23:29:53","slug":"lustre-pezzo","status":"publish","type":"product","link":"https:\/\/loftsquare.tn\/index.php\/product\/lustre-pezzo\/","title":{"rendered":"Lustre PEZZO"},"content":{"rendered":"<p>Lustre PEZZO \u2013 Lustre moderne LED en cristal \u00e0 bulles, style bougie, 10-15 ampoules, 15-30 m\u00b2<\/p>\n<p data-start=\"258\" data-end=\"531\">Le <strong data-start=\"261\" data-end=\"277\">lustre PEZZO<\/strong> est une pi\u00e8ce ma\u00eetresse pour votre int\u00e9rieur, alliant <strong data-start=\"332\" data-end=\"340\">luxe<\/strong>, <strong data-start=\"342\" data-end=\"355\">modernit\u00e9<\/strong> et <strong data-start=\"359\" data-end=\"371\">\u00e9l\u00e9gance<\/strong>. Avec son design en <strong data-start=\"392\" data-end=\"431\">cristal \u00e0 bulles en forme de bougie<\/strong>, ce lustre apporte une ambiance raffin\u00e9e \u00e0 votre <strong data-start=\"481\" data-end=\"490\">salon<\/strong>, <strong data-start=\"492\" data-end=\"503\">chambre<\/strong>, <strong data-start=\"505\" data-end=\"515\">bureau<\/strong> ou <strong data-start=\"519\" data-end=\"528\">\u00e9tude<\/strong>.<\/p>\n<p data-start=\"533\" data-end=\"873\">Gr\u00e2ce \u00e0 ses <strong data-start=\"545\" data-end=\"567\">10-15 ampoules LED<\/strong>, il diffuse une <strong data-start=\"584\" data-end=\"615\">lumi\u00e8re chaude et \u00e9clatante<\/strong>, illuminant confortablement des espaces de <strong data-start=\"659\" data-end=\"673\">15 \u00e0 30 m\u00b2<\/strong>. La structure en <strong data-start=\"691\" data-end=\"708\">fer galvanis\u00e9<\/strong> et l\u2019abat-jour en <strong data-start=\"727\" data-end=\"738\">cristal<\/strong> garantissent \u00e0 la fois <strong data-start=\"762\" data-end=\"776\">durabilit\u00e9<\/strong> et <strong data-start=\"780\" data-end=\"801\">style sophistiqu\u00e9<\/strong>, tout en refl\u00e9tant la lumi\u00e8re pour cr\u00e9er un effet scintillant unique.<\/p>\n<p data-start=\"875\" data-end=\"1060\">Le PEZZO est id\u00e9al pour ceux qui recherchent un <strong data-start=\"923\" data-end=\"947\">lustre haut de gamme<\/strong>, adapt\u00e9 aux environnements modernes et luxueux, offrant \u00e0 la fois <strong data-start=\"1014\" data-end=\"1057\">fonctionnalit\u00e9 et d\u00e9coration artistique<\/strong>.<\/p>\n<h6 data-start=\"1067\" data-end=\"1108\"><strong data-start=\"1073\" data-end=\"1106\">Caract\u00e9ristiques techniques :<\/strong><\/h6>\n<ul data-start=\"1109\" data-end=\"1589\">\n<li data-start=\"1109\" data-end=\"1134\">\n<p data-start=\"1111\" data-end=\"1134\"><strong data-start=\"1114\" data-end=\"1126\">Mod\u00e8le :<\/strong> PEZZO<\/p>\n<\/li>\n<li data-start=\"1135\" data-end=\"1184\">\n<p data-start=\"1137\" data-end=\"1184\"><strong data-start=\"1140\" data-end=\"1162\">Source lumineuse :<\/strong> LED, 10-15 ampoules<\/p>\n<\/li>\n<li data-start=\"1185\" data-end=\"1220\">\n<p data-start=\"1187\" data-end=\"1220\"><strong data-start=\"1190\" data-end=\"1205\">Mat\u00e9riaux :<\/strong> Fer, Cristal<\/p>\n<\/li>\n<li data-start=\"1221\" data-end=\"1262\">\n<p data-start=\"1223\" data-end=\"1262\"><strong data-start=\"1226\" data-end=\"1242\">Dimensions :<\/strong> 110 \u00d7 218 \u00d7 35 cm<\/p>\n<\/li>\n<li data-start=\"1263\" data-end=\"1296\">\n<p data-start=\"1265\" data-end=\"1296\"><strong data-start=\"1267\" data-end=\"1282\">Puissance :<\/strong> 51 W \u2013 60 W<\/p>\n<\/li>\n<li data-start=\"1297\" data-end=\"1331\">\n<p data-start=\"1299\" data-end=\"1331\"><strong data-start=\"1302\" data-end=\"1315\">Tension :<\/strong> 111 V ~ 240 V<\/p>\n<\/li>\n<li data-start=\"1332\" data-end=\"1374\">\n<p data-start=\"1334\" data-end=\"1374\"><strong data-start=\"1337\" data-end=\"1361\">Zone d\u2019irradiation :<\/strong> 15 \u2013 30 m\u00b2<\/p>\n<\/li>\n<li data-start=\"1375\" data-end=\"1410\">\n<p data-start=\"1377\" data-end=\"1410\"><strong data-start=\"1381\" data-end=\"1399\">Installation :<\/strong> Suspendu<\/p>\n<\/li>\n<li data-start=\"1411\" data-end=\"1447\">\n<p data-start=\"1413\" data-end=\"1447\"><strong data-start=\"1416\" data-end=\"1430\">Finition :<\/strong> Galvanoplastie<\/p>\n<\/li>\n<li data-start=\"1448\" data-end=\"1510\">\n<p data-start=\"1450\" data-end=\"1510\"><strong data-start=\"1453\" data-end=\"1471\">Applications :<\/strong> Salon, chambre, \u00e9tude, bureau, h\u00f4tel<\/p>\n<\/li>\n<li data-start=\"1511\" data-end=\"1561\">\n<p data-start=\"1513\" data-end=\"1561\"><strong data-start=\"1516\" data-end=\"1527\">Style :<\/strong> Moderne, Luxueux, Haut de gamme<\/p>\n<\/li>\n<\/ul>\n","protected":false},"excerpt":{"rendered":"<p>Lustre PEZZO \u2013 Lustre moderne LED en cristal \u00e0 bulles, style bougie, 10-15 ampoules, 15-30 m\u00b2 Le lustre PEZZO est une pi\u00e8ce ma\u00eetresse pour votre int\u00e9rieur, alliant luxe, modernit\u00e9 et \u00e9l\u00e9gance. Avec son design en cristal \u00e0 bulles en forme de bougie, ce lustre apporte une ambiance raffin\u00e9e \u00e0 votre salon, chambre, bureau ou \u00e9tude. [&hellip;]<\/p>\n","protected":false},"featured_media":6702,"comment_status":"open","ping_status":"closed","template":"","meta":[],"product_brand":[],"product_cat":[78],"product_tag":[],"class_list":{"0":"post-6701","1":"product","2":"type-product","3":"status-publish","4":"has-post-thumbnail","6":"product_cat-lustres-design-tunisie","8":"first","9":"instock","10":"shipping-taxable","11":"product-type-simple"},"_links":{"self":[{"href":"https:\/\/loftsquare.tn\/index.php\/wp-json\/wp\/v2\/product\/6701","targetHints":{"allow":["GET"]}}],"collection":[{"href":"https:\/\/loftsquare.tn\/index.php\/wp-json\/wp\/v2\/product"}],"about":[{"href":"https:\/\/loftsquare.tn\/index.php\/wp-json\/wp\/v2\/types\/product"}],"replies":[{"embeddable":true,"href":"https:\/\/loftsquare.tn\/index.php\/wp-json\/wp\/v2\/comments?post=6701"}],"wp:featuredmedia":[{"embeddable":true,"href":"https:\/\/loftsquare.tn\/index.php\/wp-json\/wp\/v2\/media\/6702"}],"wp:attachment":[{"href":"https:\/\/loftsquare.tn\/index.php\/wp-json\/wp\/v2\/media?parent=6701"}],"wp:term":[{"taxonomy":"product_brand","embeddable":true,"href":"https:\/\/loftsquare.tn\/index.php\/wp-json\/wp\/v2\/product_brand?post=6701"},{"taxonomy":"product_cat","embeddable":true,"href":"https:\/\/loftsquare.tn\/index.php\/wp-json\/wp\/v2\/product_cat?post=6701"},{"taxonomy":"product_tag","embeddable":true,"href":"https:\/\/loftsquare.tn\/index.php\/wp-json\/wp\/v2\/product_tag?post=6701"}],"curies":[{"name":"wp","href":"https:\/\/api.w.org\/{rel}","templated":true}]}}