{"id":6733,"date":"2026-03-09T00:41:51","date_gmt":"2026-03-09T00:41:51","guid":{"rendered":"https:\/\/loftsquare.tn\/?post_type=product&#038;p=6733"},"modified":"2026-03-09T00:41:52","modified_gmt":"2026-03-09T00:41:52","slug":"lustre-bocci","status":"publish","type":"product","link":"https:\/\/loftsquare.tn\/index.php\/product\/lustre-bocci\/","title":{"rendered":"LUSTRE BOCCI"},"content":{"rendered":"<p>BOCCI \u2013 Suspension Design en Verre Souffl\u00e9 et M\u00e9tal (1 \u00e0 20 T\u00eates)<\/p>\n<p data-start=\"504\" data-end=\"842\">La suspension <strong data-start=\"518\" data-end=\"527\">BOCCI<\/strong> allie <strong data-start=\"534\" data-end=\"575\">l\u2019\u00e9l\u00e9gance du verre souffl\u00e9 artisanal<\/strong> \u00e0 la <strong data-start=\"581\" data-end=\"603\">modernit\u00e9 du m\u00e9tal<\/strong>, cr\u00e9ant un luminaire \u00e0 la fois artistique et fonctionnel.<br data-start=\"661\" data-end=\"664\" \/>Disponible en <strong data-start=\"678\" data-end=\"706\">plusieurs configurations<\/strong> \u2014 de <strong data-start=\"712\" data-end=\"739\">1 \u00e0 20 t\u00eates lumineuses<\/strong> \u2014 cette collection s\u2019adapte \u00e0 tous les espaces, des int\u00e9rieurs minimalistes aux ambiances luxueuses.<\/p>\n<p data-start=\"844\" data-end=\"1054\">Chaque globe en <strong data-start=\"860\" data-end=\"901\">verre ambr\u00e9, gris fum\u00e9 ou transparent<\/strong> diffuse une lumi\u00e8re douce et chaleureuse, id\u00e9ale pour cr\u00e9er une atmosph\u00e8re raffin\u00e9e dans un salon, une salle \u00e0 manger, une chambre ou un hall d\u2019h\u00f4tel.<\/p>\n<p data-start=\"1056\" data-end=\"1200\">La s\u00e9rie <strong data-start=\"1065\" data-end=\"1074\">BOCCI<\/strong> se distingue par son design sculptural et modulable, parfait pour sublimer les plafonds hauts et les espaces contemporains.<\/p>\n<hr data-start=\"1202\" data-end=\"1205\" \/>\n<ul data-start=\"1247\" data-end=\"1574\">\n<li data-start=\"1247\" data-end=\"1277\">\n<p data-start=\"1249\" data-end=\"1277\"><strong data-start=\"1249\" data-end=\"1269\">Nom du produit :<\/strong> BOCCI<\/p>\n<\/li>\n<li data-start=\"1278\" data-end=\"1320\">\n<p data-start=\"1280\" data-end=\"1320\"><strong data-start=\"1280\" data-end=\"1295\">Mat\u00e9riaux :<\/strong> M\u00e9tal et verre souffl\u00e9<\/p>\n<\/li>\n<li data-start=\"1321\" data-end=\"1383\">\n<p data-start=\"1323\" data-end=\"1383\"><strong data-start=\"1323\" data-end=\"1349\">Couleurs disponibles :<\/strong> Ambre \/ Gris fum\u00e9 \/ Transparent<\/p>\n<\/li>\n<li data-start=\"1384\" data-end=\"1447\">\n<p data-start=\"1386\" data-end=\"1447\"><strong data-start=\"1386\" data-end=\"1408\">Source lumineuse :<\/strong> LED (ampoules incluses selon mod\u00e8le)<\/p>\n<\/li>\n<li data-start=\"1448\" data-end=\"1477\">\n<p data-start=\"1450\" data-end=\"1477\"><strong data-start=\"1450\" data-end=\"1463\">Tension :<\/strong> 220V \u2013 240V<\/p>\n<\/li>\n<li data-start=\"1478\" data-end=\"1522\">\n<p data-start=\"1480\" data-end=\"1522\"><strong data-start=\"1480\" data-end=\"1498\">Installation :<\/strong> Suspension au plafond<\/p>\n<\/li>\n<li data-start=\"1523\" data-end=\"1574\">\n<p data-start=\"1525\" data-end=\"1574\"><strong data-start=\"1525\" data-end=\"1536\">Style :<\/strong> Moderne, Design, Contemporain, Luxe<\/p>\n<\/li>\n<\/ul>\n","protected":false},"excerpt":{"rendered":"<p>BOCCI \u2013 Suspension Design en Verre Souffl\u00e9 et M\u00e9tal (1 \u00e0 20 T\u00eates) La suspension BOCCI allie l\u2019\u00e9l\u00e9gance du verre souffl\u00e9 artisanal \u00e0 la modernit\u00e9 du m\u00e9tal, cr\u00e9ant un luminaire \u00e0 la fois artistique et fonctionnel.Disponible en plusieurs configurations \u2014 de 1 \u00e0 20 t\u00eates lumineuses \u2014 cette collection s\u2019adapte \u00e0 tous les espaces, des [&hellip;]<\/p>\n","protected":false},"featured_media":6734,"comment_status":"open","ping_status":"closed","template":"","meta":[],"product_brand":[],"product_cat":[78],"product_tag":[],"class_list":{"0":"post-6733","1":"product","2":"type-product","3":"status-publish","4":"has-post-thumbnail","6":"product_cat-lustres-design-tunisie","8":"first","9":"instock","10":"shipping-taxable","11":"product-type-simple"},"_links":{"self":[{"href":"https:\/\/loftsquare.tn\/index.php\/wp-json\/wp\/v2\/product\/6733","targetHints":{"allow":["GET"]}}],"collection":[{"href":"https:\/\/loftsquare.tn\/index.php\/wp-json\/wp\/v2\/product"}],"about":[{"href":"https:\/\/loftsquare.tn\/index.php\/wp-json\/wp\/v2\/types\/product"}],"replies":[{"embeddable":true,"href":"https:\/\/loftsquare.tn\/index.php\/wp-json\/wp\/v2\/comments?post=6733"}],"wp:featuredmedia":[{"embeddable":true,"href":"https:\/\/loftsquare.tn\/index.php\/wp-json\/wp\/v2\/media\/6734"}],"wp:attachment":[{"href":"https:\/\/loftsquare.tn\/index.php\/wp-json\/wp\/v2\/media?parent=6733"}],"wp:term":[{"taxonomy":"product_brand","embeddable":true,"href":"https:\/\/loftsquare.tn\/index.php\/wp-json\/wp\/v2\/product_brand?post=6733"},{"taxonomy":"product_cat","embeddable":true,"href":"https:\/\/loftsquare.tn\/index.php\/wp-json\/wp\/v2\/product_cat?post=6733"},{"taxonomy":"product_tag","embeddable":true,"href":"https:\/\/loftsquare.tn\/index.php\/wp-json\/wp\/v2\/product_tag?post=6733"}],"curies":[{"name":"wp","href":"https:\/\/api.w.org\/{rel}","templated":true}]}}