{"id":6788,"date":"2026-03-09T07:09:43","date_gmt":"2026-03-09T07:09:43","guid":{"rendered":"https:\/\/loftsquare.tn\/?post_type=product&#038;p=6788"},"modified":"2026-03-09T07:09:44","modified_gmt":"2026-03-09T07:09:44","slug":"white-cat","status":"publish","type":"product","link":"https:\/\/loftsquare.tn\/index.php\/product\/white-cat\/","title":{"rendered":"WHITE CAT"},"content":{"rendered":"<p data-start=\"0\" data-end=\"13\"><strong data-start=\"0\" data-end=\"13\">WHITE CAT<\/strong><\/p>\n<p data-start=\"15\" data-end=\"314\">\u00c9l\u00e9gante et moderne, la sculpture <strong data-start=\"49\" data-end=\"62\">White Cat<\/strong> est une pi\u00e8ce d\u00e9corative id\u00e9ale pour apporter une touche artistique et raffin\u00e9e \u00e0 votre int\u00e9rieur. Son design minimaliste et contemporain s\u2019int\u00e8gre parfaitement dans diff\u00e9rents styles de d\u00e9coration, que ce soit dans un salon, une chambre ou un bureau.<\/p>\n<p data-start=\"316\" data-end=\"374\" data-is-last-node=\"\" data-is-only-node=\"\"><strong data-start=\"316\" data-end=\"330\">Mat\u00e9riau :<\/strong> R\u00e9sine<br data-start=\"337\" data-end=\"340\" \/><strong data-start=\"340\" data-end=\"356\" data-is-only-node=\"\">Dimensions :<\/strong> 22,5 \u00d7 12 \u00d7 19 cm<\/p>\n","protected":false},"excerpt":{"rendered":"<p>WHITE CAT \u00c9l\u00e9gante et moderne, la sculpture White Cat est une pi\u00e8ce d\u00e9corative id\u00e9ale pour apporter une touche artistique et raffin\u00e9e \u00e0 votre int\u00e9rieur. Son design minimaliste et contemporain s\u2019int\u00e8gre parfaitement dans diff\u00e9rents styles de d\u00e9coration, que ce soit dans un salon, une chambre ou un bureau. Mat\u00e9riau : R\u00e9sineDimensions : 22,5 \u00d7 12 \u00d7 [&hellip;]<\/p>\n","protected":false},"featured_media":6789,"comment_status":"open","ping_status":"closed","template":"","meta":[],"product_brand":[],"product_cat":[79],"product_tag":[],"class_list":{"0":"post-6788","1":"product","2":"type-product","3":"status-publish","4":"has-post-thumbnail","6":"product_cat-decoration-interieure-tunisie","8":"first","9":"instock","10":"shipping-taxable","11":"product-type-simple"},"_links":{"self":[{"href":"https:\/\/loftsquare.tn\/index.php\/wp-json\/wp\/v2\/product\/6788","targetHints":{"allow":["GET"]}}],"collection":[{"href":"https:\/\/loftsquare.tn\/index.php\/wp-json\/wp\/v2\/product"}],"about":[{"href":"https:\/\/loftsquare.tn\/index.php\/wp-json\/wp\/v2\/types\/product"}],"replies":[{"embeddable":true,"href":"https:\/\/loftsquare.tn\/index.php\/wp-json\/wp\/v2\/comments?post=6788"}],"wp:featuredmedia":[{"embeddable":true,"href":"https:\/\/loftsquare.tn\/index.php\/wp-json\/wp\/v2\/media\/6789"}],"wp:attachment":[{"href":"https:\/\/loftsquare.tn\/index.php\/wp-json\/wp\/v2\/media?parent=6788"}],"wp:term":[{"taxonomy":"product_brand","embeddable":true,"href":"https:\/\/loftsquare.tn\/index.php\/wp-json\/wp\/v2\/product_brand?post=6788"},{"taxonomy":"product_cat","embeddable":true,"href":"https:\/\/loftsquare.tn\/index.php\/wp-json\/wp\/v2\/product_cat?post=6788"},{"taxonomy":"product_tag","embeddable":true,"href":"https:\/\/loftsquare.tn\/index.php\/wp-json\/wp\/v2\/product_tag?post=6788"}],"curies":[{"name":"wp","href":"https:\/\/api.w.org\/{rel}","templated":true}]}}