{"id":6793,"date":"2026-03-09T07:14:36","date_gmt":"2026-03-09T07:14:36","guid":{"rendered":"https:\/\/loftsquare.tn\/?post_type=product&#038;p=6793"},"modified":"2026-03-09T07:14:36","modified_gmt":"2026-03-09T07:14:36","slug":"coral","status":"publish","type":"product","link":"https:\/\/loftsquare.tn\/index.php\/product\/coral\/","title":{"rendered":"CORAL"},"content":{"rendered":"<p data-start=\"0\" data-end=\"9\"><strong data-start=\"0\" data-end=\"9\">CORAL<\/strong><\/p>\n<p data-start=\"11\" data-end=\"302\">Sculpture d\u00e9corative au design \u00e9l\u00e9gant inspir\u00e9 des formes naturelles du corail. Cette pi\u00e8ce apporte une touche artistique et moderne \u00e0 votre int\u00e9rieur, id\u00e9ale pour sublimer une table, une \u00e9tag\u00e8re ou une console. Son style raffin\u00e9 s\u2019int\u00e8gre parfaitement dans diff\u00e9rents univers de d\u00e9coration.<\/p>\n<p data-start=\"304\" data-end=\"367\" data-is-last-node=\"\" data-is-only-node=\"\"><strong data-start=\"304\" data-end=\"318\">Mat\u00e9riau :<\/strong> R\u00e9sine<br data-start=\"325\" data-end=\"328\" \/><strong data-start=\"328\" data-end=\"344\" data-is-only-node=\"\">Dimensions :<\/strong> 21 \u00d7 17 \u00d7 31,5 cm (x2)<\/p>\n","protected":false},"excerpt":{"rendered":"<p>CORAL Sculpture d\u00e9corative au design \u00e9l\u00e9gant inspir\u00e9 des formes naturelles du corail. Cette pi\u00e8ce apporte une touche artistique et moderne \u00e0 votre int\u00e9rieur, id\u00e9ale pour sublimer une table, une \u00e9tag\u00e8re ou une console. Son style raffin\u00e9 s\u2019int\u00e8gre parfaitement dans diff\u00e9rents univers de d\u00e9coration. Mat\u00e9riau : R\u00e9sineDimensions : 21 \u00d7 17 \u00d7 31,5 cm (x2)<\/p>\n","protected":false},"featured_media":6794,"comment_status":"open","ping_status":"closed","template":"","meta":[],"product_brand":[],"product_cat":[79],"product_tag":[],"class_list":{"0":"post-6793","1":"product","2":"type-product","3":"status-publish","4":"has-post-thumbnail","6":"product_cat-decoration-interieure-tunisie","8":"first","9":"instock","10":"shipping-taxable","11":"product-type-simple"},"_links":{"self":[{"href":"https:\/\/loftsquare.tn\/index.php\/wp-json\/wp\/v2\/product\/6793","targetHints":{"allow":["GET"]}}],"collection":[{"href":"https:\/\/loftsquare.tn\/index.php\/wp-json\/wp\/v2\/product"}],"about":[{"href":"https:\/\/loftsquare.tn\/index.php\/wp-json\/wp\/v2\/types\/product"}],"replies":[{"embeddable":true,"href":"https:\/\/loftsquare.tn\/index.php\/wp-json\/wp\/v2\/comments?post=6793"}],"wp:featuredmedia":[{"embeddable":true,"href":"https:\/\/loftsquare.tn\/index.php\/wp-json\/wp\/v2\/media\/6794"}],"wp:attachment":[{"href":"https:\/\/loftsquare.tn\/index.php\/wp-json\/wp\/v2\/media?parent=6793"}],"wp:term":[{"taxonomy":"product_brand","embeddable":true,"href":"https:\/\/loftsquare.tn\/index.php\/wp-json\/wp\/v2\/product_brand?post=6793"},{"taxonomy":"product_cat","embeddable":true,"href":"https:\/\/loftsquare.tn\/index.php\/wp-json\/wp\/v2\/product_cat?post=6793"},{"taxonomy":"product_tag","embeddable":true,"href":"https:\/\/loftsquare.tn\/index.php\/wp-json\/wp\/v2\/product_tag?post=6793"}],"curies":[{"name":"wp","href":"https:\/\/api.w.org\/{rel}","templated":true}]}}