{"id":6873,"date":"2026-03-13T22:06:49","date_gmt":"2026-03-13T22:06:49","guid":{"rendered":"https:\/\/loftsquare.tn\/?post_type=product&#038;p=6873"},"modified":"2026-03-13T22:06:49","modified_gmt":"2026-03-13T22:06:49","slug":"lampadaire-sherwood","status":"publish","type":"product","link":"https:\/\/loftsquare.tn\/index.php\/product\/lampadaire-sherwood\/","title":{"rendered":"Lampadaire SHERWOOD"},"content":{"rendered":"<p><strong>Lampadaire SHERWOOD \u2013 Chef-d\u2019\u0153uvre lumineux en r\u00e9sine, design Marcantonio, cerf majestueux LED int\u00e9rieur\/ext\u00e9rieur<\/strong><\/p>\n<p data-start=\"330\" data-end=\"701\">Le <strong data-start=\"333\" data-end=\"356\">lampadaire SHERWOOD<\/strong> est bien plus qu\u2019un luminaire : c\u2019est une <strong data-start=\"399\" data-end=\"424\">\u0153uvre d\u2019art lumineuse<\/strong> sign\u00e9e par le designer <strong data-start=\"448\" data-end=\"463\">Marcantonio<\/strong>.<br data-start=\"464\" data-end=\"467\" \/>Sculpt\u00e9 en <strong data-start=\"478\" data-end=\"505\">r\u00e9sine de haute qualit\u00e9<\/strong>, il repr\u00e9sente un <strong data-start=\"524\" data-end=\"543\">cerf majestueux<\/strong> dont les bois se transforment en <strong data-start=\"577\" data-end=\"619\">lustres orn\u00e9s de cristaux et pampilles<\/strong>, fusionnant la <strong data-start=\"635\" data-end=\"657\">force de la nature<\/strong> et <strong data-start=\"661\" data-end=\"698\">l\u2019\u00e9l\u00e9gance du design contemporain<\/strong>.<\/p>\n<p data-start=\"703\" data-end=\"1005\">Avec ses <strong data-start=\"712\" data-end=\"735\">2 m\u00e8tres de hauteur<\/strong>, SHERWOOD impose sa pr\u00e9sence et cr\u00e9e une <strong data-start=\"777\" data-end=\"800\">atmosph\u00e8re f\u00e9erique<\/strong> dans n\u2019importe quel environnement.<br data-start=\"835\" data-end=\"838\" \/>Parfait pour <strong data-start=\"851\" data-end=\"878\">les int\u00e9rieurs \u00e9l\u00e9gants<\/strong> comme pour <strong data-start=\"890\" data-end=\"916\">les espaces ext\u00e9rieurs<\/strong>, il illumine un jardin, un hall ou un salon avec un <strong data-start=\"969\" data-end=\"1002\">\u00e9clairage LED doux et raffin\u00e9<\/strong>.<\/p>\n<p data-start=\"1007\" data-end=\"1143\">Ce lampadaire incarne l\u2019\u00e9quilibre entre <strong data-start=\"1047\" data-end=\"1077\">nature, art et technologie<\/strong>, offrant une touche de magie et de prestige \u00e0 votre d\u00e9coration.<\/p>\n<hr data-start=\"1145\" data-end=\"1148\" \/>\n<h6 data-start=\"1150\" data-end=\"1191\"><strong data-start=\"1156\" data-end=\"1189\">Caract\u00e9ristiques techniques :<\/strong><\/h6>\n<p data-start=\"1194\" data-end=\"1227\"><strong data-start=\"1197\" data-end=\"1216\">Nom du mod\u00e8le :<\/strong> SHERWOOD<\/p>\n<ul data-start=\"1192\" data-end=\"1663\">\n<li data-start=\"1228\" data-end=\"1261\">\n<p data-start=\"1230\" data-end=\"1261\"><strong data-start=\"1233\" data-end=\"1247\">Designer :<\/strong> Marcantonio<\/p>\n<\/li>\n<li data-start=\"1262\" data-end=\"1290\">\n<p data-start=\"1264\" data-end=\"1290\"><strong data-start=\"1267\" data-end=\"1281\">Mat\u00e9riau :<\/strong> R\u00e9sine<\/p>\n<\/li>\n<li data-start=\"1291\" data-end=\"1333\">\n<p data-start=\"1293\" data-end=\"1333\"><strong data-start=\"1296\" data-end=\"1312\">Dimensions :<\/strong> 130 \u00d7 120 \u00d7 220 cm<\/p>\n<\/li>\n<li data-start=\"1334\" data-end=\"1367\">\n<p data-start=\"1336\" data-end=\"1367\"><strong data-start=\"1339\" data-end=\"1361\">Source lumineuse :<\/strong> LED<\/p>\n<\/li>\n<li data-start=\"1368\" data-end=\"1428\">\n<p data-start=\"1370\" data-end=\"1428\"><strong data-start=\"1373\" data-end=\"1384\">Style :<\/strong> Artistique, contemporain, nature luxueuse<\/p>\n<\/li>\n<li data-start=\"1429\" data-end=\"1476\">\n<p data-start=\"1431\" data-end=\"1476\"><strong data-start=\"1434\" data-end=\"1451\">Utilisation :<\/strong> Int\u00e9rieur et ext\u00e9rieur<\/p>\n<\/li>\n<li data-start=\"1477\" data-end=\"1556\">\n<p data-start=\"1479\" data-end=\"1556\"><strong data-start=\"1482\" data-end=\"1507\">Espaces recommand\u00e9s :<\/strong> Jardin, salon, hall d\u2019h\u00f4tel, galerie, terrasse<\/p>\n<\/li>\n<li data-start=\"1557\" data-end=\"1609\">\n<p data-start=\"1559\" data-end=\"1609\"><strong data-start=\"1562\" data-end=\"1584\">Type d\u2019\u00e9clairage :<\/strong> LED basse consommation<\/p>\n<\/li>\n<li data-start=\"1610\" data-end=\"1663\">\n<p data-start=\"1612\" data-end=\"1663\"><strong data-start=\"1615\" data-end=\"1629\">Finition :<\/strong> Lustres en cristal et pampilles<\/p>\n<\/li>\n<\/ul>\n","protected":false},"excerpt":{"rendered":"<p><strong>Lampadaire SHERWOOD \u2013 Chef-d\u2019\u0153uvre lumineux en r\u00e9sine, design Marcantonio, cerf majestueux LED int\u00e9rieur\/ext\u00e9rieur<\/strong><\/p>\n","protected":false},"featured_media":6874,"comment_status":"open","ping_status":"closed","template":"","meta":[],"product_brand":[],"product_cat":[81],"product_tag":[],"class_list":{"0":"post-6873","1":"product","2":"type-product","3":"status-publish","4":"has-post-thumbnail","6":"product_cat-lampe-moderne-tunisie","8":"first","9":"instock","10":"shipping-taxable","11":"product-type-simple"},"_links":{"self":[{"href":"https:\/\/loftsquare.tn\/index.php\/wp-json\/wp\/v2\/product\/6873","targetHints":{"allow":["GET"]}}],"collection":[{"href":"https:\/\/loftsquare.tn\/index.php\/wp-json\/wp\/v2\/product"}],"about":[{"href":"https:\/\/loftsquare.tn\/index.php\/wp-json\/wp\/v2\/types\/product"}],"replies":[{"embeddable":true,"href":"https:\/\/loftsquare.tn\/index.php\/wp-json\/wp\/v2\/comments?post=6873"}],"wp:featuredmedia":[{"embeddable":true,"href":"https:\/\/loftsquare.tn\/index.php\/wp-json\/wp\/v2\/media\/6874"}],"wp:attachment":[{"href":"https:\/\/loftsquare.tn\/index.php\/wp-json\/wp\/v2\/media?parent=6873"}],"wp:term":[{"taxonomy":"product_brand","embeddable":true,"href":"https:\/\/loftsquare.tn\/index.php\/wp-json\/wp\/v2\/product_brand?post=6873"},{"taxonomy":"product_cat","embeddable":true,"href":"https:\/\/loftsquare.tn\/index.php\/wp-json\/wp\/v2\/product_cat?post=6873"},{"taxonomy":"product_tag","embeddable":true,"href":"https:\/\/loftsquare.tn\/index.php\/wp-json\/wp\/v2\/product_tag?post=6873"}],"curies":[{"name":"wp","href":"https:\/\/api.w.org\/{rel}","templated":true}]}}