{"id":6879,"date":"2026-03-13T22:16:28","date_gmt":"2026-03-13T22:16:28","guid":{"rendered":"https:\/\/loftsquare.tn\/?post_type=product&#038;p=6879"},"modified":"2026-03-13T22:16:28","modified_gmt":"2026-03-13T22:16:28","slug":"led-cosmos-square","status":"publish","type":"product","link":"https:\/\/loftsquare.tn\/index.php\/product\/led-cosmos-square\/","title":{"rendered":"LED COSMOS SQUARE"},"content":{"rendered":"<h6 data-section-id=\"eb2p9t\" data-start=\"129\" data-end=\"161\"><span class=\"BZ_Pyq_fadeIn\">LED <\/span><span class=\"BZ_Pyq_fadeIn\">COSMOS <\/span><span class=\"BZ_Pyq_fadeIn\">SQUARE<\/span><\/h6>\n<p data-start=\"163\" data-end=\"338\"><span class=\"BZ_Pyq_fadeIn\">La <\/span><span class=\"BZ_Pyq_fadeIn\">suspension <\/span><span class=\"BZ_Pyq_fadeIn\">LED <\/span><strong data-start=\"181\" data-end=\"198\"><span class=\"BZ_Pyq_fadeIn\">COSMOS <\/span><span class=\"BZ_Pyq_fadeIn\">SQUARE<\/span><\/strong> <span class=\"BZ_Pyq_fadeIn\">est <\/span><span class=\"BZ_Pyq_fadeIn\">un <\/span><span class=\"BZ_Pyq_fadeIn\">luminaire <\/span><span class=\"BZ_Pyq_fadeIn\">fascinant <\/span><span class=\"BZ_Pyq_fadeIn\">qui <\/span><span class=\"BZ_Pyq_fadeIn\">combine <\/span><span class=\"BZ_Pyq_fadeIn\">un <\/span><span class=\"BZ_Pyq_fadeIn\">design <\/span><span class=\"BZ_Pyq_fadeIn\">\u00e9l\u00e9gant <\/span><span class=\"BZ_Pyq_fadeIn\">avec <\/span><span class=\"BZ_Pyq_fadeIn\">une <\/span><span class=\"BZ_Pyq_fadeIn\">technologie <\/span><span class=\"BZ_Pyq_fadeIn\">LED <\/span><span class=\"BZ_Pyq_fadeIn\">de <\/span><span class=\"BZ_Pyq_fadeIn\">pointe, <\/span><span class=\"BZ_Pyq_fadeIn\">cr\u00e9ant <\/span><span class=\"BZ_Pyq_fadeIn\">une <\/span><span class=\"BZ_Pyq_fadeIn\">esth\u00e9tique <\/span><span class=\"BZ_Pyq_fadeIn\">captivante <\/span><span class=\"BZ_Pyq_fadeIn\">et <\/span><span class=\"BZ_Pyq_fadeIn\">futuriste.<\/span><\/p>\n<p data-start=\"340\" data-end=\"637\"><span class=\"BZ_Pyq_fadeIn\">La <\/span><span class=\"BZ_Pyq_fadeIn\">pi\u00e8ce <\/span><span class=\"BZ_Pyq_fadeIn\">ma\u00eetresse <\/span><span class=\"BZ_Pyq_fadeIn\">de <\/span><span class=\"BZ_Pyq_fadeIn\">cette <\/span><span class=\"BZ_Pyq_fadeIn\">suspension <\/span><span class=\"BZ_Pyq_fadeIn\">est <\/span><span class=\"BZ_Pyq_fadeIn\">sa <\/span><strong data-start=\"386\" data-end=\"415\"><span class=\"BZ_Pyq_fadeIn\">technologie <\/span><span class=\"BZ_Pyq_fadeIn\">LED <\/span><span class=\"BZ_Pyq_fadeIn\">innovante<\/span><\/strong><span class=\"BZ_Pyq_fadeIn\">, <\/span><span class=\"BZ_Pyq_fadeIn\">qui <\/span><span class=\"BZ_Pyq_fadeIn\">fournit <\/span><span class=\"BZ_Pyq_fadeIn\">un <\/span><span class=\"BZ_Pyq_fadeIn\">\u00e9clairage <\/span><span class=\"BZ_Pyq_fadeIn\">\u00e9conome <\/span><span class=\"BZ_Pyq_fadeIn\">en <\/span><span class=\"BZ_Pyq_fadeIn\">\u00e9nergie <\/span><span class=\"BZ_Pyq_fadeIn\">et <\/span><span class=\"BZ_Pyq_fadeIn\">durable. <\/span><span class=\"BZ_Pyq_fadeIn\">Les <\/span><span class=\"BZ_Pyq_fadeIn\">lumi\u00e8res <\/span><span class=\"BZ_Pyq_fadeIn\">LED <\/span><span class=\"BZ_Pyq_fadeIn\">int\u00e9gr\u00e9es <\/span><span class=\"BZ_Pyq_fadeIn\">diffusent <\/span><span class=\"BZ_Pyq_fadeIn\">une <\/span><strong data-start=\"514\" data-end=\"544\"><span class=\"BZ_Pyq_fadeIn\">lueur <\/span><span class=\"BZ_Pyq_fadeIn\">douce <\/span><span class=\"BZ_Pyq_fadeIn\">et <\/span><span class=\"BZ_Pyq_fadeIn\">chaleureuse<\/span><\/strong><span class=\"BZ_Pyq_fadeIn\">, <\/span><span class=\"BZ_Pyq_fadeIn\">cr\u00e9ant <\/span><span class=\"BZ_Pyq_fadeIn\">une <\/span><span class=\"BZ_Pyq_fadeIn\">ambiance <\/span><span class=\"BZ_Pyq_fadeIn\">accueillante <\/span><span class=\"BZ_Pyq_fadeIn\">et <\/span><span class=\"BZ_Pyq_fadeIn\">une <\/span><span class=\"BZ_Pyq_fadeIn\">atmosph\u00e8re <\/span><span class=\"BZ_Pyq_fadeIn\">confortable <\/span><span class=\"BZ_Pyq_fadeIn\">dans <\/span><span class=\"BZ_Pyq_fadeIn\">n\u2019importe <\/span><span class=\"BZ_Pyq_fadeIn\">quelle <\/span><span class=\"BZ_Pyq_fadeIn\">pi\u00e8ce.<\/span><\/p>\n<p data-start=\"639\" data-end=\"943\"><span class=\"BZ_Pyq_fadeIn\">La <\/span><span class=\"BZ_Pyq_fadeIn\">suspension <\/span><span class=\"BZ_Pyq_fadeIn\">LED <\/span><strong data-start=\"657\" data-end=\"674\"><span class=\"BZ_Pyq_fadeIn\">COSMOS <\/span><span class=\"BZ_Pyq_fadeIn\">SQUARE<\/span><\/strong> <span class=\"BZ_Pyq_fadeIn\">sert <\/span><span class=\"BZ_Pyq_fadeIn\">non <\/span><span class=\"BZ_Pyq_fadeIn\">seulement <\/span><span class=\"BZ_Pyq_fadeIn\">de <\/span><span class=\"BZ_Pyq_fadeIn\">source <\/span><span class=\"BZ_Pyq_fadeIn\">d\u2019\u00e9clairage, <\/span><span class=\"BZ_Pyq_fadeIn\">mais <\/span><span class=\"BZ_Pyq_fadeIn\">constitue <\/span><span class=\"BZ_Pyq_fadeIn\">\u00e9galement <\/span><span class=\"BZ_Pyq_fadeIn\">une <\/span><strong data-start=\"746\" data-end=\"775\"><span class=\"BZ_Pyq_fadeIn\">v\u00e9ritable <\/span><span class=\"BZ_Pyq_fadeIn\">pi\u00e8ce <\/span><span class=\"BZ_Pyq_fadeIn\">de <\/span><span class=\"BZ_Pyq_fadeIn\">design<\/span><\/strong><span class=\"BZ_Pyq_fadeIn\">. <\/span><span class=\"BZ_Pyq_fadeIn\">Sa <\/span><span class=\"BZ_Pyq_fadeIn\">forme <\/span><span class=\"BZ_Pyq_fadeIn\">g\u00e9om\u00e9trique <\/span><span class=\"BZ_Pyq_fadeIn\">et <\/span><span class=\"BZ_Pyq_fadeIn\">ses <\/span><span class=\"BZ_Pyq_fadeIn\">bords <\/span><span class=\"BZ_Pyq_fadeIn\">lumineux <\/span><span class=\"BZ_Pyq_fadeIn\">lui <\/span><span class=\"BZ_Pyq_fadeIn\">conf\u00e8rent <\/span><span class=\"BZ_Pyq_fadeIn\">une <\/span><span class=\"BZ_Pyq_fadeIn\">pr\u00e9sence <\/span><span class=\"BZ_Pyq_fadeIn\">visuelle <\/span><span class=\"BZ_Pyq_fadeIn\">saisissante, <\/span><span class=\"BZ_Pyq_fadeIn\">ajoutant <\/span><span class=\"BZ_Pyq_fadeIn\">une <\/span><span class=\"BZ_Pyq_fadeIn\">touche <\/span><span class=\"BZ_Pyq_fadeIn\">de <\/span><strong data-start=\"892\" data-end=\"924\"><span class=\"BZ_Pyq_fadeIn\">sophistication <\/span><span class=\"BZ_Pyq_fadeIn\">contemporaine<\/span><\/strong> <span class=\"BZ_Pyq_fadeIn\">\u00e0 <\/span><span class=\"BZ_Pyq_fadeIn\">votre <\/span><span class=\"BZ_Pyq_fadeIn\">int\u00e9rieur.<\/span><\/p>\n<h6 data-section-id=\"wdlxh4\" data-start=\"945\" data-end=\"969\"><span class=\"BZ_Pyq_fadeIn\">Informations <\/span><span class=\"BZ_Pyq_fadeIn\">produit<\/span><\/h6>\n<p data-start=\"971\" data-end=\"1075\"><strong data-start=\"971\" data-end=\"983\"><span class=\"BZ_Pyq_fadeIn\">Mod\u00e8le :<\/span><\/strong> <span class=\"BZ_Pyq_fadeIn\">COSMOS <\/span><span class=\"BZ_Pyq_fadeIn\">SQUARE<\/span><br data-start=\"997\" data-end=\"1000\" \/><strong data-start=\"1000\" data-end=\"1014\"><span class=\"BZ_Pyq_fadeIn\">Mat\u00e9riau :<\/span><\/strong> <span class=\"BZ_Pyq_fadeIn\">Laiton, <\/span><span class=\"BZ_Pyq_fadeIn\">Nickel<\/span><br data-start=\"1029\" data-end=\"1032\" \/><strong data-start=\"1032\" data-end=\"1045\"><span class=\"BZ_Pyq_fadeIn\">Montage :<\/span><\/strong> <span class=\"BZ_Pyq_fadeIn\">Plafond<\/span><br data-start=\"1053\" data-end=\"1056\" \/><strong data-start=\"1056\" data-end=\"1069\"><span class=\"BZ_Pyq_fadeIn\">Lumi\u00e8re :<\/span><\/strong> <span class=\"BZ_Pyq_fadeIn\">LED<\/span><\/p>\n<p data-start=\"1077\" data-end=\"1132\"><strong data-start=\"1077\" data-end=\"1096\"><span class=\"BZ_Pyq_fadeIn\">COSMOS <\/span><span class=\"BZ_Pyq_fadeIn\">SQUARE <\/span><span class=\"BZ_Pyq_fadeIn\">L<\/span><\/strong><br data-start=\"1096\" data-end=\"1099\" \/><span class=\"BZ_Pyq_fadeIn\">Dimensions : <\/span><strong data-start=\"1112\" data-end=\"1132\"><span class=\"BZ_Pyq_fadeIn\">125 \u00d7 <\/span><span class=\"BZ_Pyq_fadeIn\">65 \u00d7 <\/span><span class=\"BZ_Pyq_fadeIn\">52 <\/span><span class=\"BZ_Pyq_fadeIn\">cm<\/span><\/strong><\/p>\n<p data-start=\"1134\" data-end=\"1192\"><strong data-start=\"1134\" data-end=\"1154\"><span class=\"BZ_Pyq_fadeIn\">COSMOS <\/span><span class=\"BZ_Pyq_fadeIn\">SQUARE <\/span><span class=\"BZ_Pyq_fadeIn\">XL<\/span><\/strong><br data-start=\"1154\" data-end=\"1157\" \/><span class=\"BZ_Pyq_fadeIn\">Dimensions : <\/span><strong data-start=\"1170\" data-end=\"1192\"><span class=\"BZ_Pyq_fadeIn\">195 \u00d7 <\/span><span class=\"BZ_Pyq_fadeIn\">100 \u00d7 <\/span><span class=\"BZ_Pyq_fadeIn\">142 <\/span><span class=\"BZ_Pyq_fadeIn\">cm<\/span><\/strong><\/p>\n","protected":false},"excerpt":{"rendered":"<p>LED COSMOS SQUARE La suspension LED COSMOS SQUARE est un luminaire fascinant qui combine un design \u00e9l\u00e9gant avec une technologie LED de pointe, cr\u00e9ant une esth\u00e9tique captivante et futuriste. La pi\u00e8ce ma\u00eetresse de cette suspension est sa technologie LED innovante, qui fournit un \u00e9clairage \u00e9conome en \u00e9nergie et durable. Les lumi\u00e8res LED int\u00e9gr\u00e9es diffusent une [&hellip;]<\/p>\n","protected":false},"featured_media":6880,"comment_status":"open","ping_status":"closed","template":"","meta":[],"product_brand":[],"product_cat":[78],"product_tag":[],"class_list":{"0":"post-6879","1":"product","2":"type-product","3":"status-publish","4":"has-post-thumbnail","6":"product_cat-lustres-design-tunisie","8":"first","9":"instock","10":"shipping-taxable","11":"product-type-simple"},"_links":{"self":[{"href":"https:\/\/loftsquare.tn\/index.php\/wp-json\/wp\/v2\/product\/6879","targetHints":{"allow":["GET"]}}],"collection":[{"href":"https:\/\/loftsquare.tn\/index.php\/wp-json\/wp\/v2\/product"}],"about":[{"href":"https:\/\/loftsquare.tn\/index.php\/wp-json\/wp\/v2\/types\/product"}],"replies":[{"embeddable":true,"href":"https:\/\/loftsquare.tn\/index.php\/wp-json\/wp\/v2\/comments?post=6879"}],"wp:featuredmedia":[{"embeddable":true,"href":"https:\/\/loftsquare.tn\/index.php\/wp-json\/wp\/v2\/media\/6880"}],"wp:attachment":[{"href":"https:\/\/loftsquare.tn\/index.php\/wp-json\/wp\/v2\/media?parent=6879"}],"wp:term":[{"taxonomy":"product_brand","embeddable":true,"href":"https:\/\/loftsquare.tn\/index.php\/wp-json\/wp\/v2\/product_brand?post=6879"},{"taxonomy":"product_cat","embeddable":true,"href":"https:\/\/loftsquare.tn\/index.php\/wp-json\/wp\/v2\/product_cat?post=6879"},{"taxonomy":"product_tag","embeddable":true,"href":"https:\/\/loftsquare.tn\/index.php\/wp-json\/wp\/v2\/product_tag?post=6879"}],"curies":[{"name":"wp","href":"https:\/\/api.w.org\/{rel}","templated":true}]}}