{"id":6892,"date":"2026-03-13T22:42:13","date_gmt":"2026-03-13T22:42:13","guid":{"rendered":"https:\/\/loftsquare.tn\/?post_type=product&#038;p=6892"},"modified":"2026-03-13T22:42:13","modified_gmt":"2026-03-13T22:42:13","slug":"lampe-alira","status":"publish","type":"product","link":"https:\/\/loftsquare.tn\/index.php\/product\/lampe-alira\/","title":{"rendered":"Lampe ALIRA"},"content":{"rendered":"<p>Lampe ALIRA<\/p>\n<p data-start=\"125\" data-end=\"215\"><strong data-start=\"125\" data-end=\"215\">Lampe ALIRA \u2013 Luminaire LED d\u00e9coratif en r\u00e9sine et m\u00e9tal dor\u00e9 design moderne<\/strong><\/p>\n<hr data-start=\"217\" data-end=\"220\" \/>\n<p data-start=\"270\" data-end=\"522\">Apportez une touche d\u2019\u00e9l\u00e9gance contemporaine \u00e0 votre int\u00e9rieur avec la <strong data-start=\"341\" data-end=\"366\">lampe de bureau ALIRA<\/strong>.<br data-start=\"367\" data-end=\"370\" \/>Con\u00e7ue en <strong data-start=\"380\" data-end=\"397\">r\u00e9sine et fer<\/strong>, cette lampe allie robustesse et raffinement, parfaite pour un <strong data-start=\"461\" data-end=\"471\">bureau<\/strong>, une <strong data-start=\"477\" data-end=\"496\">table de chevet<\/strong> ou un <strong data-start=\"503\" data-end=\"519\">coin lecture<\/strong>.<\/p>\n<p data-start=\"524\" data-end=\"888\">Son <strong data-start=\"528\" data-end=\"546\">abat-jour noir<\/strong> contraste magnifiquement avec sa <strong data-start=\"580\" data-end=\"599\">structure dor\u00e9e<\/strong>, offrant un <strong data-start=\"612\" data-end=\"644\">\u00e9clairage doux et chaleureux<\/strong> gr\u00e2ce \u00e0 sa <strong data-start=\"656\" data-end=\"680\">source lumineuse LED<\/strong> (ampoule E27, lumi\u00e8re chaude incluse).<br data-start=\"719\" data-end=\"722\" \/>Compacte et styl\u00e9e, la <strong data-start=\"745\" data-end=\"760\">lampe ALIRA<\/strong> se distingue par son <strong data-start=\"782\" data-end=\"813\">design d\u00e9coratif et moderne<\/strong>, s\u2019adaptant \u00e0 tout type de d\u00e9coration : minimaliste, chic ou artistique.<\/p>\n<p data-start=\"890\" data-end=\"914\"><strong data-start=\"890\" data-end=\"912\">Caract\u00e9ristiques :<\/strong><\/p>\n<ul data-start=\"915\" data-end=\"1212\">\n<li data-start=\"915\" data-end=\"986\">\n<p data-start=\"917\" data-end=\"986\"><strong data-start=\"920\" data-end=\"942\">Source lumineuse :<\/strong> LED (ampoule E27, lumi\u00e8re chaude incluse)<\/p>\n<\/li>\n<li data-start=\"987\" data-end=\"1022\">\n<p data-start=\"989\" data-end=\"1022\"><strong data-start=\"992\" data-end=\"1007\">Mat\u00e9riaux :<\/strong> R\u00e9sine + Fer<\/p>\n<\/li>\n<li data-start=\"1023\" data-end=\"1062\">\n<p data-start=\"1025\" data-end=\"1062\"><strong data-start=\"1028\" data-end=\"1044\">Dimensions :<\/strong> 38 \u00d7 38 \u00d7 68 cm<\/p>\n<\/li>\n<li data-start=\"1063\" data-end=\"1102\">\n<p data-start=\"1065\" data-end=\"1102\"><strong data-start=\"1068\" data-end=\"1086\">Interrupteur :<\/strong> Bouton manuel<\/p>\n<\/li>\n<li data-start=\"1103\" data-end=\"1136\">\n<p data-start=\"1105\" data-end=\"1136\"><strong data-start=\"1108\" data-end=\"1121\">Couleur :<\/strong> Noir et dor\u00e9<\/p>\n<\/li>\n<li data-start=\"1137\" data-end=\"1212\">\n<p data-start=\"1139\" data-end=\"1212\"><strong data-start=\"1142\" data-end=\"1159\">Utilisation :<\/strong> Table de chevet, bureau, salon, d\u00e9coration d\u2019h\u00f4tel<\/p>\n<\/li>\n<\/ul>\n<p data-start=\"1214\" data-end=\"1375\">Cette lampe de table <strong data-start=\"1235\" data-end=\"1244\">ALIRA<\/strong> est \u00e0 la fois <strong data-start=\"1259\" data-end=\"1290\">fonctionnelle et esth\u00e9tique<\/strong>, cr\u00e9ant une ambiance douce et romantique tout en embellissant votre espace de vie.<\/p>\n<hr data-start=\"1377\" data-end=\"1380\" \/>\n<p data-start=\"1161\" data-end=\"1210\">\n","protected":false},"excerpt":{"rendered":"<p>Lampe ALIRA Lampe ALIRA \u2013 Luminaire LED d\u00e9coratif en r\u00e9sine et m\u00e9tal dor\u00e9 design moderne Apportez une touche d\u2019\u00e9l\u00e9gance contemporaine \u00e0 votre int\u00e9rieur avec la lampe de bureau ALIRA.Con\u00e7ue en r\u00e9sine et fer, cette lampe allie robustesse et raffinement, parfaite pour un bureau, une table de chevet ou un coin lecture. Son abat-jour noir contraste [&hellip;]<\/p>\n","protected":false},"featured_media":6893,"comment_status":"open","ping_status":"closed","template":"","meta":[],"product_brand":[],"product_cat":[81],"product_tag":[],"class_list":{"0":"post-6892","1":"product","2":"type-product","3":"status-publish","4":"has-post-thumbnail","6":"product_cat-lampe-moderne-tunisie","8":"first","9":"instock","10":"shipping-taxable","11":"product-type-simple"},"_links":{"self":[{"href":"https:\/\/loftsquare.tn\/index.php\/wp-json\/wp\/v2\/product\/6892","targetHints":{"allow":["GET"]}}],"collection":[{"href":"https:\/\/loftsquare.tn\/index.php\/wp-json\/wp\/v2\/product"}],"about":[{"href":"https:\/\/loftsquare.tn\/index.php\/wp-json\/wp\/v2\/types\/product"}],"replies":[{"embeddable":true,"href":"https:\/\/loftsquare.tn\/index.php\/wp-json\/wp\/v2\/comments?post=6892"}],"wp:featuredmedia":[{"embeddable":true,"href":"https:\/\/loftsquare.tn\/index.php\/wp-json\/wp\/v2\/media\/6893"}],"wp:attachment":[{"href":"https:\/\/loftsquare.tn\/index.php\/wp-json\/wp\/v2\/media?parent=6892"}],"wp:term":[{"taxonomy":"product_brand","embeddable":true,"href":"https:\/\/loftsquare.tn\/index.php\/wp-json\/wp\/v2\/product_brand?post=6892"},{"taxonomy":"product_cat","embeddable":true,"href":"https:\/\/loftsquare.tn\/index.php\/wp-json\/wp\/v2\/product_cat?post=6892"},{"taxonomy":"product_tag","embeddable":true,"href":"https:\/\/loftsquare.tn\/index.php\/wp-json\/wp\/v2\/product_tag?post=6892"}],"curies":[{"name":"wp","href":"https:\/\/api.w.org\/{rel}","templated":true}]}}